{"id":2147,"date":"2019-08-12T17:58:34","date_gmt":"2019-08-12T17:58:34","guid":{"rendered":"http:\/\/68.183.159.80\/?page_id=2147"},"modified":"2023-09-14T21:58:34","modified_gmt":"2023-09-14T21:58:34","slug":"presentacion-retroactiva","status":"publish","type":"page","link":"https:\/\/macmoor.com\/es\/presentacion-retroactiva\/","title":{"rendered":"PRESENTACI\u00d3N RETROACTIVA"},"content":{"rendered":"<div class=\"wpb-content-wrapper\"><p>[vc_row full_width=&#8221;stretch_row_content_no_spaces&#8221; equal_height=&#8221;yes&#8221; bg_type=&#8221;bg_color&#8221; type=&#8221;vc_default&#8221; css=&#8221;.vc_custom_1694195564682{background-color: #f7f7f7 !important;background-position: center !important;background-repeat: no-repeat !important;background-size: cover !important;}&#8221; el_id=&#8221;testimonials&#8221; bg_color_value=&#8221;#1a1c20&#8243;][vc_column parallax=&#8221;content-moving&#8221; css_animation=&#8221;slideInLeft&#8221; css=&#8221;.vc_custom_1694195620796{padding-top: 80px !important;padding-right: 50px !important;padding-bottom: 80px !important;padding-left: 50px !important;background-color: #1a1c20 !important;}&#8221; offset=&#8221;vc_col-lg-offset-0 vc_col-lg-6 vc_col-md-offset-0 vc_col-md-6 vc_col-sm-offset-0 vc_col-xs-12&#8243;]<div id=\"ultimate-heading-901669d7677f7766d\" class=\"uvc-heading ult-adjust-bottom-margin ultimate-heading-901669d7677f7766d uvc-4521 accent-border-color\" data-hspacer=\"line_only\"  data-halign=\"center\" style=\"text-align:center\"><div class=\"uvc-main-heading ult-responsive\"  data-ultimate-target='.uvc-heading.ultimate-heading-901669d7677f7766d h2'  data-responsive-json-new='{\"font-size\":\"desktop:34px;\",\"line-height\":\"desktop:44px;\"}' ><h2 style=\"font-weight:bold;color:#ffffff;margin-bottom:15px;\">Presentaci\u00f3n Retroactiva<\/h2><\/div><div class=\"uvc-heading-spacer line_only\" style=\"margin-bottom:45px;height:3px;\"><span class=\"uvc-headings-line\" style=\"border-style:solid;border-bottom-width:3px;border-color:;width:150px;\"><\/span><\/div><\/div>[vc_column_text css=&#8221;.vc_custom_1694193699273{padding-bottom: 55px !important;}&#8221;]<span style=\"color: #ffffff;\">MMC realiza todos los pasos necesarios para recuperar la cantidad m\u00e1xima de cualquier acuerdo que nuestros clientes tengan derecho a recibir. Uno de nuestros servicios m\u00e1s valiosos es la presentaci\u00f3n de reclamaciones retroactivas. Muchas reclamaciones no se presentan por diferentes motivos. Nosotros asumimos el riesgo de presentar reclamaciones y tratar con el administrador de reclamaciones y con el consejo de la clase para luchar a fin de que su reclamaci\u00f3n sea aceptada, incluso despu\u00e9s de que los plazos de presentaci\u00f3n se hayan vencido.<\/span><\/p>\n<p><span style=\"color: #ffffff;\">Aunque no existe garant\u00eda de que las reclamaciones sean aceptadas, estamos dispuestos a correr el riesgo, bas\u00e1ndonos en nuestro profundo conocimiento de c\u00f3mo navegar por el proceso de administraci\u00f3n de reclamaciones, a\u00fan despu\u00e9s de que se haya cumplido el tiempo l\u00edmite de presentaci\u00f3n. Esto ha llevado a la recuperaci\u00f3n de millones de d\u00f3lares para los clientes anteriores que, de otro modo, no se habr\u00edan recuperado.<\/span>[\/vc_column_text][\/vc_column][vc_column parallax=&#8221;content-moving&#8221; css_animation=&#8221;slideInRight&#8221; offset=&#8221;vc_col-lg-offset-0 vc_col-lg-6 vc_col-md-offset-0 vc_col-md-6 vc_col-sm-offset-0&#8243; css=&#8221;.vc_custom_1694728710214{padding-top: 150px !important;padding-bottom: 150px !important;background-image: url(https:\/\/macmoor.com\/es\/wp-content\/uploads\/sites\/2\/2019\/09\/signing.jpg?id=2434) !important;background-position: center !important;background-repeat: no-repeat !important;background-size: cover !important;}&#8221;][\/vc_column][\/vc_row][vc_row full_width=&#8221;stretch_row&#8221; content_placement=&#8221;middle&#8221; parallax=&#8221;content-moving&#8221; css_animation=&#8221;slideInUp&#8221; bg_type=&#8221;image&#8221; parallax_style=&#8221;vcpb-default&#8221; bg_image_new=&#8221;id^2305|url^https:\/\/macmoornew.wpengine.com\/es\/wp-content\/uploads\/sites\/2\/2019\/09\/call-to-action.jpg|caption^null|alt^null|title^call-to-action|description^null&#8221; css=&#8221;.vc_custom_1568219694969{padding-top: 70px !important;padding-bottom: 200px !important;}&#8221;][vc_column parallax=&#8221;content-moving&#8221; css_animation=&#8221;slideInUp&#8221;][vc_row_inner content_placement=&#8221;middle&#8221;][vc_column_inner][vc_empty_space height=&#8221;125&#8243;]<div id=\"ultimate-heading-246269d7677f776d7\" class=\"uvc-heading ult-adjust-bottom-margin ultimate-heading-246269d7677f776d7 uvc-743 accent-border-color\" data-hspacer=\"no_spacer\"  data-halign=\"center\" style=\"text-align:center\"><div class=\"uvc-heading-spacer no_spacer\" style=\"top\"><\/div><div class=\"uvc-main-heading ult-responsive\"  data-ultimate-target='.uvc-heading.ultimate-heading-246269d7677f776d7 h2'  data-responsive-json-new='{\"font-size\":\"desktop:48px;\",\"line-height\":\"desktop:50px;\"}' ><h2 style=\"font-weight:bold;color:#353535;margin-bottom:15px;\">\u00a1No Espere, Llame Hoy!<\/h2><\/div><\/div>[vc_empty_space]<style type=\"text\/css\" data-type=\"the7_shortcodes-inline-css\">#default-btn-3f63fab36f47dd54572126a8df45abee {\n  border-radius: 1px;\n  font-size: 14px;\n  line-height: 16px;\n}\n.btn-shadow#default-btn-3f63fab36f47dd54572126a8df45abee {\n  box-shadow: 0 1px 6px rgba(0,0,0,0.12);\n  transition: box-shadow 0.2s ease-out, opacity 0.45s;\n}\n.btn-shadow#default-btn-3f63fab36f47dd54572126a8df45abee:hover {\n  box-shadow: 0 5px 11px 0 rgba(0,0,0,0.18), 0 4px 15px 0 rgba(0,0,0,0.15);\n}\n.btn-3d#default-btn-3f63fab36f47dd54572126a8df45abee {\n  box-shadow: 0px 2px 0px 0px #e0e0e0;\n}\n.btn-3d#default-btn-3f63fab36f47dd54572126a8df45abee:hover {\n  box-shadow: 0px 2px 0px 0px #c3c3c3;\n}\n.btn-flat#default-btn-3f63fab36f47dd54572126a8df45abee {\n  box-shadow: none;\n}\n.btn-flat#default-btn-3f63fab36f47dd54572126a8df45abee:hover {\n  box-shadow: none;\n}\n#default-btn-3f63fab36f47dd54572126a8df45abee.ico-right-side > i {\n  margin-right: 0px;\n  margin-left: 8px;\n}\n#default-btn-3f63fab36f47dd54572126a8df45abee > i {\n  margin-right: 8px;\n  font-size: 14px;\n}\n#default-btn-3f63fab36f47dd54572126a8df45abee:not(:hover) {\n  border-width: 0px;\n  color: #2198cb;\n  background: #ffffff !important;\n  padding: 12px 18px 12px 18px;\n}\n#default-btn-3f63fab36f47dd54572126a8df45abee:not(:hover) * {\n  color: #2198cb;\n}\n#default-btn-3f63fab36f47dd54572126a8df45abee:hover {\n  border-width: 0px;\n  background: #e2e2e2 !important;\n  padding: 12px 18px 12px 18px;\n}\n#default-btn-3f63fab36f47dd54572126a8df45abee.ico-right-side > i {\n  margin-right: 0px;\n  margin-left: 8px;\n}\n#default-btn-3f63fab36f47dd54572126a8df45abee > i {\n  margin-right: 8px;\n}\n<\/style><div class=\"btn-align-center\"><a href=\"https:\/\/macmoor.com\/es\/contacte-con-nosotros\/\" class=\"default-btn-shortcode dt-btn link-hover-off anchor-link btn-flat \" id=\"default-btn-3f63fab36f47dd54572126a8df45abee\"><span>CONT\u00c1CTENOS<\/span><\/a><\/div>[\/vc_column_inner][\/vc_row_inner][\/vc_column][\/vc_row][vc_row bg_type=&#8221;bg_color&#8221; bg_override=&#8221;ex-full&#8221; bg_color_value=&#8221;#ababab&#8221;][vc_column][\/vc_column][\/vc_row]<\/p>\n<\/div>","protected":false},"excerpt":{"rendered":"<p>[vc_row full_width=&#8221;stretch_row_content_no_spaces&#8221; equal_height=&#8221;yes&#8221; bg_type=&#8221;bg_color&#8221; type=&#8221;vc_default&#8221; css=&#8221;.vc_custom_1694195564682{background-color: #f7f7f7 !important;background-position: center !important;background-repeat: no-repeat !important;background-size: cover !important;}&#8221; el_id=&#8221;testimonials&#8221; bg_color_value=&#8221;#1a1c20&#8243;][vc_column parallax=&#8221;content-moving&#8221; css_animation=&#8221;slideInLeft&#8221; css=&#8221;.vc_custom_1694195620796{padding-top: 80px !important;padding-right: 50px !important;padding-bottom: 80px !important;padding-left: 50px !important;background-color: #1a1c20 !important;}&#8221; offset=&#8221;vc_col-lg-offset-0 vc_col-lg-6 vc_col-md-offset-0 vc_col-md-6 vc_col-sm-offset-0 vc_col-xs-12&#8243;][vc_column_text css=&#8221;.vc_custom_1694193699273{padding-bottom: 55px !important;}&#8221;]MMC realiza todos los pasos necesarios para recuperar la cantidad m\u00e1xima de cualquier acuerdo que nuestros clientes tengan&hellip;<\/p>\n","protected":false},"author":5,"featured_media":0,"parent":0,"menu_order":0,"comment_status":"closed","ping_status":"closed","template":"","meta":{"_acf_changed":false,"footnotes":""},"class_list":["post-2147","page","type-page","status-publish","hentry","description-off"],"acf":[],"aioseo_notices":[],"_links":{"self":[{"href":"https:\/\/macmoor.com\/es\/wp-json\/wp\/v2\/pages\/2147","targetHints":{"allow":["GET"]}}],"collection":[{"href":"https:\/\/macmoor.com\/es\/wp-json\/wp\/v2\/pages"}],"about":[{"href":"https:\/\/macmoor.com\/es\/wp-json\/wp\/v2\/types\/page"}],"author":[{"embeddable":true,"href":"https:\/\/macmoor.com\/es\/wp-json\/wp\/v2\/users\/5"}],"replies":[{"embeddable":true,"href":"https:\/\/macmoor.com\/es\/wp-json\/wp\/v2\/comments?post=2147"}],"version-history":[{"count":0,"href":"https:\/\/macmoor.com\/es\/wp-json\/wp\/v2\/pages\/2147\/revisions"}],"wp:attachment":[{"href":"https:\/\/macmoor.com\/es\/wp-json\/wp\/v2\/media?parent=2147"}],"curies":[{"name":"wp","href":"https:\/\/api.w.org\/{rel}","templated":true}]}}