{"id":2091,"date":"2019-08-12T15:39:47","date_gmt":"2019-08-12T15:39:47","guid":{"rendered":"http:\/\/68.183.159.80\/?page_id=2091"},"modified":"2023-09-14T22:40:48","modified_gmt":"2023-09-14T22:40:48","slug":"litigio-antimonopolio-de-crt-tubo-de-rayos-catodicos-comprador-directo","status":"publish","type":"page","link":"https:\/\/macmoor.com\/es\/litigio-antimonopolio-de-crt-tubo-de-rayos-catodicos-comprador-directo\/","title":{"rendered":"Litigio Antimonopolio De CRT (Tubo De Rayos Cat\u00f3dicos) (Comprador Directo)"},"content":{"rendered":"<div class=\"wpb-content-wrapper\"><p>[vc_row bg_type=&#8221;bg_color&#8221; bg_override=&#8221;ex-full&#8221; bg_color_value=&#8221;#1a1c20&#8243; css=&#8221;.vc_custom_1694213818572{background-color: #1a1c20 !important;}&#8221;][vc_column parallax=&#8221;content-moving&#8221; css_animation=&#8221;slideInDown&#8221;][vc_row_inner][vc_column_inner width=&#8221;1\/2&#8243;][vc_icon icon_fontawesome=&#8221;fa fa-calendar&#8221; color=&#8221;custom&#8221; background_style=&#8221;rounded&#8221; align=&#8221;center&#8221; css_animation=&#8221;slideInLeft&#8221; custom_color=&#8221;#2198cb&#8221;]<div id=\"ultimate-heading-76469edcad5900f2\" class=\"uvc-heading ult-adjust-bottom-margin ultimate-heading-76469edcad5900f2 uvc-6998 accent-border-color\" data-hspacer=\"line_only\"  data-halign=\"center\" style=\"text-align:center\"><div class=\"uvc-main-heading ult-responsive\"  data-ultimate-target='.uvc-heading.ultimate-heading-76469edcad5900f2 h2'  data-responsive-json-new='{\"font-size\":\"desktop:20px;\",\"line-height\":\"desktop:44px;\"}' ><h2 style=\"font-weight:bold;color:#ffffff;margin-bottom:15px;\">Plazo De Presentaci\u00f3n<\/h2><\/div><div class=\"uvc-heading-spacer line_only\" style=\"margin-bottom:45px;height:3px;\"><span class=\"uvc-headings-line\" style=\"border-style:solid;border-bottom-width:3px;border-color:;width:150px;\"><\/span><\/div><div class=\"uvc-sub-heading ult-responsive\"  data-ultimate-target='.uvc-heading.ultimate-heading-76469edcad5900f2 .uvc-sub-heading '  data-responsive-json-new='{\"font-size\":\"desktop:20px;\",\"line-height\":\"desktop:34px;\"}'  style=\"font-style:italic;font-weight:normal;color:#ffffff;margin-bottom:40px;\"><span style=\"color: #ffffff;\">VENCIDO (Ahora Se Presentan Reclamaciones Tard\u00edas)<\/span><\/div><\/div>[\/vc_column_inner][vc_column_inner width=&#8221;1\/2&#8243;][vc_icon icon_fontawesome=&#8221;fa fa-money&#8221; color=&#8221;custom&#8221; background_style=&#8221;rounded&#8221; align=&#8221;center&#8221; css_animation=&#8221;slideInRight&#8221; custom_color=&#8221;#2198cb&#8221;]<div id=\"ultimate-heading-431769edcad59016b\" class=\"uvc-heading ult-adjust-bottom-margin ultimate-heading-431769edcad59016b uvc-9297 accent-border-color\" data-hspacer=\"line_only\"  data-halign=\"center\" style=\"text-align:center\"><div class=\"uvc-main-heading ult-responsive\"  data-ultimate-target='.uvc-heading.ultimate-heading-431769edcad59016b h2'  data-responsive-json-new='{\"font-size\":\"desktop:20px;\",\"line-height\":\"desktop:44px;\"}' ><h2 style=\"font-weight:bold;color:#ffffff;margin-bottom:15px;\">Importe Del Acuerdo<\/h2><\/div><div class=\"uvc-heading-spacer line_only\" style=\"margin-bottom:45px;height:3px;\"><span class=\"uvc-headings-line\" style=\"border-style:solid;border-bottom-width:3px;border-color:;width:150px;\"><\/span><\/div><div class=\"uvc-sub-heading ult-responsive\"  data-ultimate-target='.uvc-heading.ultimate-heading-431769edcad59016b .uvc-sub-heading '  data-responsive-json-new='{\"font-size\":\"desktop:20px;\",\"line-height\":\"desktop:34px;\"}'  style=\"font-style:italic;font-weight:normal;color:#ffffff;margin-bottom:40px;\"><span class=\"settlement-amount-callout-h5\" style=\"color: #ffffff;\">$224,200,000.00<\/span><\/div><\/div>[\/vc_column_inner][\/vc_row_inner][\/vc_column][\/vc_row][vc_row parallax=&#8221;content-moving&#8221; css_animation=&#8221;slideInLeft&#8221;][vc_column][vc_row_inner][vc_column_inner]<div id=\"ultimate-heading-70069edcad5901c0\" class=\"uvc-heading ult-adjust-bottom-margin ultimate-heading-70069edcad5901c0 uvc-4458 accent-border-color\" data-hspacer=\"line_only\"  data-halign=\"left\" style=\"text-align:left\"><div class=\"uvc-main-heading ult-responsive\"  data-ultimate-target='.uvc-heading.ultimate-heading-70069edcad5901c0 h2'  data-responsive-json-new='{\"font-size\":\"desktop:20px;\",\"line-height\":\"desktop:44px;\"}' ><h2 style=\"font-weight:bold;color:#1a1c20;margin-bottom:15px;\">Demandantes Admisibles<\/h2><\/div><div class=\"uvc-heading-spacer line_only\" style=\"margin-bottom:45px;height:3px;\"><span class=\"uvc-headings-line\" style=\"border-style:solid;border-bottom-width:3px;border-color:;width:150px;\"><\/span><\/div><\/div>[vc_column_text]Todas las personas y entidades que, entre el 1 de marzo de 1995 y el 25 de noviembre de 2007, compraron directamente un Producto CRT en Estados Unidos a cualquier Demandado o subsidiaria o filial del mismo, o a cualquier co-conspirador.<\/p>\n<p>Una compra <em>&#8220;directa&#8221;<\/em> significa que usted compr\u00f3 uno o m\u00e1s de los Productos CRT a uno o m\u00e1s de los Demandados. Su(s) compra(s) directa(s) debe(n) haberse realizado durante el Per\u00edodo de la Demanda Colectiva.[\/vc_column_text][\/vc_column_inner][\/vc_row_inner][vc_row_inner][vc_column_inner]<div id=\"ultimate-heading-339869edcad590206\" class=\"uvc-heading ult-adjust-bottom-margin ultimate-heading-339869edcad590206 uvc-877 accent-border-color\" data-hspacer=\"line_only\"  data-halign=\"left\" style=\"text-align:left\"><div class=\"uvc-main-heading ult-responsive\"  data-ultimate-target='.uvc-heading.ultimate-heading-339869edcad590206 h2'  data-responsive-json-new='{\"font-size\":\"desktop:20px;\",\"line-height\":\"desktop:44px;\"}' ><h2 style=\"font-weight:bold;color:#1a1c20;margin-bottom:15px;\">\u00bfQu\u00e9 Son Los Productos De Tubos De Rayos Cat\u00f3dicos?<\/h2><\/div><div class=\"uvc-heading-spacer line_only\" style=\"margin-bottom:45px;height:3px;\"><span class=\"uvc-headings-line\" style=\"border-style:solid;border-bottom-width:3px;border-color:;width:150px;\"><\/span><\/div><\/div>[vc_column_text]A efectos del Acuerdo de Demanda Colectiva Antimonopolio de Tubos de Rayos Cat\u00f3dicos, los tubos de rayos cat\u00f3dicos de cualquier tipo (por ejemplo, tubos de visualizaci\u00f3n en color, tubos de imagen en color y tubos de visualizaci\u00f3n monocrom\u00e1tica) y los productos acabados que contienen tubos de rayos cat\u00f3dicos, como televisores y monitores de ordenador.[\/vc_column_text][\/vc_column_inner][\/vc_row_inner][\/vc_column][\/vc_row][vc_row full_width=&#8221;stretch_row&#8221; parallax=&#8221;content-moving&#8221; css_animation=&#8221;slideInLeft&#8221; bg_type=&#8221;bg_color&#8221; bg_override=&#8221;ex-full&#8221; bg_color_value=&#8221;#1a1c20&#8243; css=&#8221;.vc_custom_1694213912051{background-color: #1a1c20 !important;}&#8221;][vc_column][vc_row_inner][vc_column_inner]<div id=\"ultimate-heading-357469edcad59023b\" class=\"uvc-heading ult-adjust-bottom-margin ultimate-heading-357469edcad59023b uvc-9882 accent-border-color\" data-hspacer=\"line_only\"  data-halign=\"left\" style=\"text-align:left\"><div class=\"uvc-main-heading ult-responsive\"  data-ultimate-target='.uvc-heading.ultimate-heading-357469edcad59023b h2'  data-responsive-json-new='{\"font-size\":\"desktop:20px;\",\"line-height\":\"desktop:44px;\"}' ><h2 style=\"font-weight:bold;color:#ffffff;margin-bottom:15px;\">Historia Del Caso<\/h2><\/div><div class=\"uvc-heading-spacer line_only\" style=\"margin-bottom:45px;height:3px;\"><span class=\"uvc-headings-line\" style=\"border-style:solid;border-bottom-width:3px;border-color:;width:150px;\"><\/span><\/div><\/div>[vc_column_text]<span style=\"color: #ffffff;\">En la demanda se alega que los demandados y sus c\u00f3mplices conspiraron para subir y fijar los precios de los tubos de rayos cat\u00f3dicos y de los tubos de rayos cat\u00f3dicos contenidos en determinados productos acabados durante m\u00e1s de diez a\u00f1os, lo que dio lugar a sobreprecios para los compradores directos de dichos tubos de rayos cat\u00f3dicos y de determinados productos acabados que conten\u00edan tubos de rayos cat\u00f3dicos. La demanda describe c\u00f3mo los demandados y sus c\u00f3mplices supuestamente violaron las leyes antimonopolio de Estados Unidos al establecer un c\u00e1rtel mundial que fij\u00f3 precios artificialmente altos y restringi\u00f3 el suministro de tubos cat\u00f3dicos y de los televisores y monitores que los conten\u00edan. El Tribunal no ha decidido a\u00fan qui\u00e9n tiene raz\u00f3n.<\/span>[\/vc_column_text][\/vc_column_inner][\/vc_row_inner][vc_row_inner][vc_column_inner]<div id=\"ultimate-heading-855769edcad59026f\" class=\"uvc-heading ult-adjust-bottom-margin ultimate-heading-855769edcad59026f uvc-2544 accent-border-color\" data-hspacer=\"line_only\"  data-halign=\"left\" style=\"text-align:left\"><div class=\"uvc-main-heading ult-responsive\"  data-ultimate-target='.uvc-heading.ultimate-heading-855769edcad59026f h2'  data-responsive-json-new='{\"font-size\":\"desktop:20px;\",\"line-height\":\"desktop:44px;\"}' ><h2 style=\"font-weight:bold;color:#ffffff;margin-bottom:15px;\">Demandados<\/h2><\/div><div class=\"uvc-heading-spacer line_only\" style=\"margin-bottom:45px;height:3px;\"><span class=\"uvc-headings-line\" style=\"border-style:solid;border-bottom-width:3px;border-color:;width:150px;\"><\/span><\/div><\/div>[vc_column_text]<\/p>\n<div class=\"grid-container\">\n<div class=\"grid-x grid-padding-x\">\n<div class=\"large-12 cell\">\n<div class=\"grid-x grid-padding-x\">\n<div class=\"large-12 medium-12 cell\">\n<p><span style=\"color: #ffffff;\">LG Electronics, Inc., LG Electronics U.S.A., Inc., LG Electronics Taiwan Taipei Co., Ltd, Koninklijke Philips Electronics N.V., Philips Electronics North America Corporation, Philips Electronics Industries (Taiwan), Ltd., Philips da Amazonia Industria Electronica Ltda., LP Displays International, Ltd. f\/k\/a LG.Philips Displays, Samsung Electronics Co., Ltd., Samsung Electronics America, Inc., Samsung SDI Co. Ltd., Samsung SDI America, Inc., Samsung SDI Mexico S.A. de C.V., Samsung SDI Brasil Ltda., Shenzhen Samsung SDI Co. Ltd., Tianjin Samsung SDI Co. Ltd., Samsung SDI Malaysia Sdn. Bhd., Toshiba Corporation, Toshiba America, Inc., Toshiba America Consumer Products, LLC., Toshiba America Information Systems, Inc., Toshiba America Electronic Components, Inc., Panasonic Corporation f\/k\/a Matsushita Electric Industrial, Ltd., Panasonic Corporation of North America, MT Picture Display Co., Ltd., Beijing-Matsushita Color CRT Company, Ltd., Tianjin Samsung SDI Co. (BMCC), Hitachi, Ltd., Hitachi Displays, Ltd., Hitachi Electronic Devices (USA), Inc., Hitachi America, Ltd., Hitachi Asia, Ltd., Tatung Company of America, Inc., Chunghwa Picture Tubes Ltd., Chunghwa Picture Tubes (Malaysia) Sdn. Bhd., IRICO Group Corporation, IRICO Display Devices Co, Ltd., IRICO Group Electronics Co., Ltd., Thai CRT Company, Ltd., Daewoo Electronics Corporation f\/k\/a Daewoo Electronics Company, Ltd., Daewoo International Corporation, Irico Group Corporation, Irico Group Electronics Co., Ltd., e Irico Display Devices Co., Ltd.<\/span><\/div>\n<\/div>\n<\/div>\n<\/div>\n<\/div>\n<div class=\"grid-x grid-padding-x slateshore-custom-footer-container\">\n<div class=\"large-12 cell\">\n<div class=\"grid-x grid-padding-x\"><\/div>\n<\/div>\n<\/div>\n<p>[\/vc_column_text][\/vc_column_inner][\/vc_row_inner][vc_empty_space][\/vc_column][\/vc_row][vc_row full_width=&#8221;stretch_row&#8221; content_placement=&#8221;middle&#8221; parallax=&#8221;content-moving&#8221; css_animation=&#8221;slideInUp&#8221; bg_type=&#8221;image&#8221; parallax_style=&#8221;vcpb-default&#8221; bg_image_new=&#8221;id^2305|url^https:\/\/macmoornew.wpengine.com\/es\/wp-content\/uploads\/sites\/2\/2019\/09\/call-to-action.jpg|caption^null|alt^null|title^call-to-action|description^null&#8221; css=&#8221;.vc_custom_1568223671102{padding-top: 70px !important;padding-bottom: 200px !important;}&#8221;][vc_column parallax=&#8221;content-moving&#8221; css_animation=&#8221;slideInUp&#8221;][vc_row_inner content_placement=&#8221;middle&#8221;][vc_column_inner][vc_empty_space height=&#8221;125&#8243;]<div id=\"ultimate-heading-463969edcad5902a3\" class=\"uvc-heading ult-adjust-bottom-margin ultimate-heading-463969edcad5902a3 uvc-9039 accent-border-color\" data-hspacer=\"no_spacer\"  data-halign=\"center\" style=\"text-align:center\"><div class=\"uvc-heading-spacer no_spacer\" style=\"top\"><\/div><div class=\"uvc-main-heading ult-responsive\"  data-ultimate-target='.uvc-heading.ultimate-heading-463969edcad5902a3 h2'  data-responsive-json-new='{\"font-size\":\"desktop:48px;\",\"line-height\":\"desktop:50px;\"}' ><h2 style=\"font-weight:bold;color:#1a1c20;margin-bottom:15px;\">No Espere M\u00e1s, \u00a1Llame Hoy Mismo!<\/h2><\/div><\/div>[vc_empty_space]<style type=\"text\/css\" data-type=\"the7_shortcodes-inline-css\">#default-btn-2927930e15a595cb0837e4d156ff81e8 {\n  border-radius: 1px;\n  font-size: 14px;\n  line-height: 16px;\n}\n.btn-shadow#default-btn-2927930e15a595cb0837e4d156ff81e8 {\n  box-shadow: 0 1px 6px rgba(0,0,0,0.12);\n  transition: box-shadow 0.2s ease-out, opacity 0.45s;\n}\n.btn-shadow#default-btn-2927930e15a595cb0837e4d156ff81e8:hover {\n  box-shadow: 0 5px 11px 0 rgba(0,0,0,0.18), 0 4px 15px 0 rgba(0,0,0,0.15);\n}\n.btn-3d#default-btn-2927930e15a595cb0837e4d156ff81e8 {\n  box-shadow: 0px 2px 0px 0px #e0e0e0;\n}\n.btn-3d#default-btn-2927930e15a595cb0837e4d156ff81e8:hover {\n  box-shadow: 0px 2px 0px 0px #c3c3c3;\n}\n.btn-flat#default-btn-2927930e15a595cb0837e4d156ff81e8 {\n  box-shadow: none;\n}\n.btn-flat#default-btn-2927930e15a595cb0837e4d156ff81e8:hover {\n  box-shadow: none;\n}\n#default-btn-2927930e15a595cb0837e4d156ff81e8.ico-right-side > i {\n  margin-right: 0px;\n  margin-left: 8px;\n}\n#default-btn-2927930e15a595cb0837e4d156ff81e8 > i {\n  margin-right: 8px;\n  font-size: 14px;\n}\n#default-btn-2927930e15a595cb0837e4d156ff81e8:not(:hover) {\n  border-width: 0px;\n  color: #2198cb;\n  background: #ffffff !important;\n  padding: 12px 18px 12px 18px;\n}\n#default-btn-2927930e15a595cb0837e4d156ff81e8:not(:hover) * {\n  color: #2198cb;\n}\n#default-btn-2927930e15a595cb0837e4d156ff81e8:hover {\n  border-width: 0px;\n  background: #e2e2e2 !important;\n  padding: 12px 18px 12px 18px;\n}\n#default-btn-2927930e15a595cb0837e4d156ff81e8.ico-right-side > i {\n  margin-right: 0px;\n  margin-left: 8px;\n}\n#default-btn-2927930e15a595cb0837e4d156ff81e8 > i {\n  margin-right: 8px;\n}\n<\/style><div class=\"btn-align-center\"><a href=\"\/es\/contacte-con-nosotros\/\" class=\"default-btn-shortcode dt-btn link-hover-off anchor-link btn-flat \" id=\"default-btn-2927930e15a595cb0837e4d156ff81e8\" title=\"Contact Us\"><span>CONT\u00c1CTENOS<\/span><\/a><\/div>[\/vc_column_inner][\/vc_row_inner][\/vc_column][\/vc_row]<\/p>\n<\/div>","protected":false},"excerpt":{"rendered":"<p>[vc_row bg_type=&#8221;bg_color&#8221; bg_override=&#8221;ex-full&#8221; bg_color_value=&#8221;#1a1c20&#8243; css=&#8221;.vc_custom_1694213818572{background-color: #1a1c20 !important;}&#8221;][vc_column parallax=&#8221;content-moving&#8221; css_animation=&#8221;slideInDown&#8221;][vc_row_inner][vc_column_inner width=&#8221;1\/2&#8243;][vc_icon icon_fontawesome=&#8221;fa fa-calendar&#8221; color=&#8221;custom&#8221; background_style=&#8221;rounded&#8221; align=&#8221;center&#8221; css_animation=&#8221;slideInLeft&#8221; custom_color=&#8221;#2198cb&#8221;][\/vc_column_inner][vc_column_inner width=&#8221;1\/2&#8243;][vc_icon icon_fontawesome=&#8221;fa fa-money&#8221; color=&#8221;custom&#8221; background_style=&#8221;rounded&#8221; align=&#8221;center&#8221; css_animation=&#8221;slideInRight&#8221; custom_color=&#8221;#2198cb&#8221;][\/vc_column_inner][\/vc_row_inner][\/vc_column][\/vc_row][vc_row parallax=&#8221;content-moving&#8221; css_animation=&#8221;slideInLeft&#8221;][vc_column][vc_row_inner][vc_column_inner][vc_column_text]Todas las personas y entidades que, entre el 1 de marzo de 1995 y el 25 de noviembre de 2007, compraron directamente un Producto CRT en Estados Unidos a&hellip;<\/p>\n","protected":false},"author":5,"featured_media":0,"parent":0,"menu_order":0,"comment_status":"closed","ping_status":"closed","template":"","meta":{"_acf_changed":false,"footnotes":""},"class_list":["post-2091","page","type-page","status-publish","hentry","description-off"],"acf":[],"aioseo_notices":[],"_links":{"self":[{"href":"https:\/\/macmoor.com\/es\/wp-json\/wp\/v2\/pages\/2091","targetHints":{"allow":["GET"]}}],"collection":[{"href":"https:\/\/macmoor.com\/es\/wp-json\/wp\/v2\/pages"}],"about":[{"href":"https:\/\/macmoor.com\/es\/wp-json\/wp\/v2\/types\/page"}],"author":[{"embeddable":true,"href":"https:\/\/macmoor.com\/es\/wp-json\/wp\/v2\/users\/5"}],"replies":[{"embeddable":true,"href":"https:\/\/macmoor.com\/es\/wp-json\/wp\/v2\/comments?post=2091"}],"version-history":[{"count":0,"href":"https:\/\/macmoor.com\/es\/wp-json\/wp\/v2\/pages\/2091\/revisions"}],"wp:attachment":[{"href":"https:\/\/macmoor.com\/es\/wp-json\/wp\/v2\/media?parent=2091"}],"curies":[{"name":"wp","href":"https:\/\/api.w.org\/{rel}","templated":true}]}}