{"id":2069,"date":"2019-08-12T12:05:15","date_gmt":"2019-08-12T12:05:15","guid":{"rendered":"http:\/\/68.183.159.80\/?page_id=2069"},"modified":"2023-09-14T15:30:10","modified_gmt":"2023-09-14T15:30:10","slug":"litigio-antimonopolio-sobre-baterias-de-iones-de-litio-comprador-directo","status":"publish","type":"page","link":"https:\/\/macmoor.com\/es\/litigio-antimonopolio-sobre-baterias-de-iones-de-litio-comprador-directo\/","title":{"rendered":"Litigio Antimonopolio Sobre Bater\u00edas De Iones De Litio (Comprador Directo)"},"content":{"rendered":"<div class=\"wpb-content-wrapper\"><p>[vc_row bg_type=&#8221;bg_color&#8221; bg_override=&#8221;ex-full&#8221; bg_color_value=&#8221;#1a1c20&#8243; css=&#8221;.vc_custom_1694212871399{background-color: #1a1c20 !important;}&#8221;][vc_column parallax=&#8221;content-moving&#8221; css_animation=&#8221;slideInDown&#8221;][vc_row_inner][vc_column_inner width=&#8221;1\/2&#8243;][vc_icon icon_fontawesome=&#8221;fa fa-calendar&#8221; color=&#8221;custom&#8221; background_style=&#8221;rounded&#8221; align=&#8221;center&#8221; css_animation=&#8221;slideInLeft&#8221; custom_color=&#8221;#2198cb&#8221;]<div id=\"ultimate-heading-986969f2838a1c078\" class=\"uvc-heading ult-adjust-bottom-margin ultimate-heading-986969f2838a1c078 uvc-6213 accent-border-color\" data-hspacer=\"line_only\"  data-halign=\"center\" style=\"text-align:center\"><div class=\"uvc-main-heading ult-responsive\"  data-ultimate-target='.uvc-heading.ultimate-heading-986969f2838a1c078 h2'  data-responsive-json-new='{\"font-size\":\"desktop:20px;\",\"line-height\":\"desktop:44px;\"}' ><h2 style=\"font-weight:bold;color:#ffffff;margin-bottom:15px;\">Fecha L\u00edmite De Presentaci\u00f3n<\/h2><\/div><div class=\"uvc-heading-spacer line_only\" style=\"margin-bottom:45px;height:3px;\"><span class=\"uvc-headings-line\" style=\"border-style:solid;border-bottom-width:3px;border-color:;width:150px;\"><\/span><\/div><div class=\"uvc-sub-heading ult-responsive\"  data-ultimate-target='.uvc-heading.ultimate-heading-986969f2838a1c078 .uvc-sub-heading '  data-responsive-json-new='{\"font-size\":\"desktop:20px;\",\"line-height\":\"desktop:34px;\"}'  style=\"font-style:italic;font-weight:normal;color:#ffffff;margin-bottom:40px;\"><span style=\"color: #ffffff;\">19 de julio de 2018<\/span><\/div><\/div>[\/vc_column_inner][vc_column_inner width=&#8221;1\/2&#8243;][vc_icon icon_fontawesome=&#8221;fa fa-money&#8221; color=&#8221;custom&#8221; background_style=&#8221;rounded&#8221; align=&#8221;center&#8221; css_animation=&#8221;slideInRight&#8221; custom_color=&#8221;#2198cb&#8221;]<div id=\"ultimate-heading-875669f2838a1c0f3\" class=\"uvc-heading ult-adjust-bottom-margin ultimate-heading-875669f2838a1c0f3 uvc-4627 accent-border-color\" data-hspacer=\"line_only\"  data-halign=\"center\" style=\"text-align:center\"><div class=\"uvc-main-heading ult-responsive\"  data-ultimate-target='.uvc-heading.ultimate-heading-875669f2838a1c0f3 h2'  data-responsive-json-new='{\"font-size\":\"desktop:20px;\",\"line-height\":\"desktop:44px;\"}' ><h2 style=\"font-weight:bold;color:#ffffff;margin-bottom:15px;\">Importe Del Acuerdo<\/h2><\/div><div class=\"uvc-heading-spacer line_only\" style=\"margin-bottom:45px;height:3px;\"><span class=\"uvc-headings-line\" style=\"border-style:solid;border-bottom-width:3px;border-color:;width:150px;\"><\/span><\/div><div class=\"uvc-sub-heading ult-responsive\"  data-ultimate-target='.uvc-heading.ultimate-heading-875669f2838a1c0f3 .uvc-sub-heading '  data-responsive-json-new='{\"font-size\":\"desktop:20px;\",\"line-height\":\"desktop:34px;\"}'  style=\"font-style:italic;font-weight:normal;color:#ffffff;margin-bottom:40px;\"><span class=\"settlement-amount-callout-h5\" style=\"color: #ffffff;\">$68,950,000.00<\/span><\/div><\/div>[\/vc_column_inner][\/vc_row_inner][\/vc_column][\/vc_row][vc_row parallax=&#8221;content-moving&#8221; css_animation=&#8221;slideInLeft&#8221;][vc_column][vc_row_inner][vc_column_inner]<div id=\"ultimate-heading-509169f2838a1c140\" class=\"uvc-heading ult-adjust-bottom-margin ultimate-heading-509169f2838a1c140 uvc-4571 accent-border-color\" data-hspacer=\"line_only\"  data-halign=\"left\" style=\"text-align:left\"><div class=\"uvc-main-heading ult-responsive\"  data-ultimate-target='.uvc-heading.ultimate-heading-509169f2838a1c140 h2'  data-responsive-json-new='{\"font-size\":\"desktop:20px;\",\"line-height\":\"desktop:44px;\"}' ><h2 style=\"font-weight:bold;color:#616162;margin-bottom:15px;\">Demandantes Elegibles<\/h2><\/div><div class=\"uvc-heading-spacer line_only\" style=\"margin-bottom:45px;height:3px;\"><span class=\"uvc-headings-line\" style=\"border-style:solid;border-bottom-width:3px;border-color:;width:150px;\"><\/span><\/div><\/div>[vc_column_text]Los Grupos del Acuerdo de Maxell, NEC y Toshiba incluyen a personas y entidades que, desde el 1 de enero de 2000 hasta el 31 de mayo de 2011, compraron una pila de iones de litio, una bater\u00eda de iones de litio y\/o un producto de iones de litio directamente a uno o m\u00e1s de los Demandados, o a cualquier divisi\u00f3n, filial o afiliada de los mismos, o a cualquier presunto co-conspirador (en contraposici\u00f3n a un intermediario, como una tienda minorista) en Estados Unidos. El Grupo del Acuerdo de Panasonic incluye a personas y entidades que realizaron dichas compras desde el 1 de mayo de 2002 hasta el 31 de mayo de 2011.[\/vc_column_text][\/vc_column_inner][\/vc_row_inner][vc_row_inner][vc_column_inner]<div id=\"ultimate-heading-278769f2838a1c17b\" class=\"uvc-heading ult-adjust-bottom-margin ultimate-heading-278769f2838a1c17b uvc-9346 accent-border-color\" data-hspacer=\"line_only\"  data-halign=\"left\" style=\"text-align:left\"><div class=\"uvc-main-heading ult-responsive\"  data-ultimate-target='.uvc-heading.ultimate-heading-278769f2838a1c17b h2'  data-responsive-json-new='{\"font-size\":\"desktop:20px;\",\"line-height\":\"desktop:44px;\"}' ><h2 style=\"font-weight:bold;color:#616162;margin-bottom:15px;\">Productos De Iones De Litio Elegibles<\/h2><\/div><div class=\"uvc-heading-spacer line_only\" style=\"margin-bottom:45px;height:3px;\"><span class=\"uvc-headings-line\" style=\"border-style:solid;border-bottom-width:3px;border-color:;width:150px;\"><\/span><\/div><\/div>[vc_column_text]A efectos de los Acuerdos:<\/p>\n<ul>\n<li>Por &#8220;celda(s) de bater\u00eda de iones de litio&#8221; o &#8220;celdas Li-ion&#8221; se entienden los componentes principales de las bater\u00edas de iones de litio. Una celda incluye el c\u00e1todo, el \u00e1nodo y el electrolito.<\/li>\n<li>&#8220;Bater\u00eda de Iones de Litio&#8221; o &#8220;Bater\u00eda Li-ion&#8221; significa una bater\u00eda cil\u00edndrica, prism\u00e1tica o de pol\u00edmero que es recargable y utiliza tecnolog\u00eda de iones de litio.<\/li>\n<li>&#8220;Bater\u00eda de Iones de Litio&#8221; o &#8220;Bater\u00eda Li-ion&#8221; significa una C\u00e9lula de Bater\u00eda de Iones de Litio o un Paquete de Bater\u00edas de Iones de Litio.<\/li>\n<li>&#8220;Productos de Bater\u00eda de Iones de Litio&#8221; o &#8220;Productos Li-ion&#8221; significa productos fabricados, comercializados y\/o vendidos por los Demandados, sus divisiones, filiales o Afiliadas, o sus presuntos co-conspiradores que contienen una o m\u00e1s C\u00e9lulas de Bater\u00eda de Iones de Litio fabricadas por los Demandados o sus presuntos co-conspiradores. Los productos con bater\u00edas de iones de litio incluyen, entre otros, ordenadores port\u00e1tiles, tel\u00e9fonos m\u00f3viles, c\u00e1maras digitales, videoc\u00e1maras y herramientas el\u00e9ctricas.<\/li>\n<\/ul>\n<p>[\/vc_column_text][\/vc_column_inner][\/vc_row_inner][\/vc_column][\/vc_row][vc_row full_width=&#8221;stretch_row&#8221; parallax=&#8221;content-moving&#8221; css_animation=&#8221;slideInLeft&#8221; bg_type=&#8221;bg_color&#8221; bg_override=&#8221;ex-full&#8221; bg_color_value=&#8221;#1a1c20&#8243; css=&#8221;.vc_custom_1694212889815{background-color: #1a1c20 !important;}&#8221;][vc_column][vc_row_inner][vc_column_inner]<div id=\"ultimate-heading-969669f2838a1c1b3\" class=\"uvc-heading ult-adjust-bottom-margin ultimate-heading-969669f2838a1c1b3 uvc-9444 accent-border-color\" data-hspacer=\"line_only\"  data-halign=\"left\" style=\"text-align:left\"><div class=\"uvc-main-heading ult-responsive\"  data-ultimate-target='.uvc-heading.ultimate-heading-969669f2838a1c1b3 h2'  data-responsive-json-new='{\"font-size\":\"desktop:20px;\",\"line-height\":\"desktop:44px;\"}' ><h2 style=\"font-weight:bold;color:#ffffff;margin-bottom:15px;\">Historia Del Caso<\/h2><\/div><div class=\"uvc-heading-spacer line_only\" style=\"margin-bottom:45px;height:3px;\"><span class=\"uvc-headings-line\" style=\"border-style:solid;border-bottom-width:3px;border-color:;width:150px;\"><\/span><\/div><\/div>[vc_column_text]<span style=\"color: #ffffff;\">En la demanda se alega que los demandados y sus c\u00f3mplices conspiraron para subir y fijar los precios de las pilas de iones de litio durante m\u00e1s de diez a\u00f1os, lo que dio lugar a sobreprecios a los compradores directos de bater\u00edas y productos de iones de litio. La Demanda describe c\u00f3mo los Demandados y los conspiradores supuestamente violaron las leyes antimonopolio de EE.UU. al acordar fijar los precios y restringir la producci\u00f3n de Pilas de Li-Ion mediante, entre otras cosas, reuniones cara a cara y otras comunicaciones, asignaci\u00f3n de clientes y el uso de asociaciones comerciales. Los demandados niegan las alegaciones de los demandantes. El Tribunal no ha decidido qui\u00e9n tiene raz\u00f3n.<\/span><\/p>\n<p><span style=\"color: #ffffff;\">Los demandantes han llegado a acuerdos con los demandados Maxell, NEC, Toshiba y Panasonic. El acuerdo con Panasonic tambi\u00e9n resuelve las demandas contra SANYO. El Tribunal ya ha aprobado un acuerdo con otro grupo de demandados: Sony Corporation, Sony Energy Devices Corporation y Sony Electronics Inc. (colectivamente, &#8220;Sony&#8221;). El caso contin\u00faa contra los restantes demandados no liberados. Es posible que en el futuro se disponga de m\u00e1s dinero como resultado de un juicio o de futuros acuerdos, pero no hay garant\u00eda de que esto vaya a ocurrir.<\/span><\/p>\n<p><span style=\"color: #ffffff;\">Los Acuerdos prev\u00e9n pagos por un total de 49,850,000.00 d\u00f3lares en efectivo, m\u00e1s intereses, como sigue: Maxell: 3.45 millones de d\u00f3lares; NEC: 1 mill\u00f3n de d\u00f3lares; Panasonic: 42.5 millones de d\u00f3lares; Toshiba: 2.9 millones de d\u00f3lares. Los acuerdos tambi\u00e9n prev\u00e9n una cooperaci\u00f3n continua, incluida la presentaci\u00f3n de testigos. Adem\u00e1s, las ventas de los Demandados que han llegado a un acuerdo permanecen en el caso a efectos del c\u00e1lculo de da\u00f1os y perjuicios contra los Demandados restantes.<\/span>[\/vc_column_text][\/vc_column_inner][\/vc_row_inner][vc_row_inner][vc_column_inner]<div id=\"ultimate-heading-202769f2838a1c1e8\" class=\"uvc-heading ult-adjust-bottom-margin ultimate-heading-202769f2838a1c1e8 uvc-8702 accent-border-color\" data-hspacer=\"line_only\"  data-halign=\"left\" style=\"text-align:left\"><div class=\"uvc-main-heading ult-responsive\"  data-ultimate-target='.uvc-heading.ultimate-heading-202769f2838a1c1e8 h2'  data-responsive-json-new='{\"font-size\":\"desktop:20px;\",\"line-height\":\"desktop:44px;\"}' ><h2 style=\"font-weight:bold;color:#ffffff;margin-bottom:15px;\">Demandados<\/h2><\/div><div class=\"uvc-heading-spacer line_only\" style=\"margin-bottom:45px;height:3px;\"><span class=\"uvc-headings-line\" style=\"border-style:solid;border-bottom-width:3px;border-color:;width:150px;\"><\/span><\/div><\/div>[vc_column_text]<span style=\"color: #ffffff;\">Las empresas demandadas son LG Chem, Ltd.; LG Chem America, Inc.; Samsung SDI Co. Ltd.; Samsung SDI America, Inc.; Panasonic Corporation; Panasonic Corporation of North America; Sanyo Electric Co., Ltd.; Sanyo North America Corporation; Sony Corporation; Sony Energy Devices Corporation; Sony Electronics Inc.; Hitachi Maxell, Ltd.; Maxell Corporation of America; NEC Corporation; NEC Tokin Corporation; y Toshiba.<\/span>[\/vc_column_text][\/vc_column_inner][\/vc_row_inner][vc_empty_space][\/vc_column][\/vc_row][vc_row full_width=&#8221;stretch_row&#8221; content_placement=&#8221;middle&#8221; parallax=&#8221;content-moving&#8221; css_animation=&#8221;slideInUp&#8221; bg_type=&#8221;image&#8221; parallax_style=&#8221;vcpb-default&#8221; bg_image_new=&#8221;id^2305|url^https:\/\/macmoornew.wpengine.com\/es\/wp-content\/uploads\/sites\/2\/2019\/09\/call-to-action.jpg|caption^null|alt^null|title^call-to-action|description^null&#8221; css=&#8221;.vc_custom_1568223103059{padding-top: 70px !important;padding-bottom: 200px !important;}&#8221;][vc_column parallax=&#8221;content-moving&#8221; css_animation=&#8221;slideInUp&#8221;][vc_row_inner content_placement=&#8221;middle&#8221;][vc_column_inner][vc_empty_space height=&#8221;125&#8243;]<div id=\"ultimate-heading-372469f2838a1c217\" class=\"uvc-heading ult-adjust-bottom-margin ultimate-heading-372469f2838a1c217 uvc-9854 accent-border-color\" data-hspacer=\"no_spacer\"  data-halign=\"center\" style=\"text-align:center\"><div class=\"uvc-heading-spacer no_spacer\" style=\"top\"><\/div><div class=\"uvc-main-heading ult-responsive\"  data-ultimate-target='.uvc-heading.ultimate-heading-372469f2838a1c217 h2'  data-responsive-json-new='{\"font-size\":\"desktop:48px;\",\"line-height\":\"desktop:50px;\"}' ><h2 style=\"font-weight:bold;color:#1a1c20;margin-bottom:15px;\">No Espere M\u00e1s, \u00a1Llame Hoy Mismo!<\/h2><\/div><\/div>[vc_empty_space]<style type=\"text\/css\" data-type=\"the7_shortcodes-inline-css\">#default-btn-2927930e15a595cb0837e4d156ff81e8 {\n  border-radius: 1px;\n  font-size: 14px;\n  line-height: 16px;\n}\n.btn-shadow#default-btn-2927930e15a595cb0837e4d156ff81e8 {\n  box-shadow: 0 1px 6px rgba(0,0,0,0.12);\n  transition: box-shadow 0.2s ease-out, opacity 0.45s;\n}\n.btn-shadow#default-btn-2927930e15a595cb0837e4d156ff81e8:hover {\n  box-shadow: 0 5px 11px 0 rgba(0,0,0,0.18), 0 4px 15px 0 rgba(0,0,0,0.15);\n}\n.btn-3d#default-btn-2927930e15a595cb0837e4d156ff81e8 {\n  box-shadow: 0px 2px 0px 0px #e0e0e0;\n}\n.btn-3d#default-btn-2927930e15a595cb0837e4d156ff81e8:hover {\n  box-shadow: 0px 2px 0px 0px #c3c3c3;\n}\n.btn-flat#default-btn-2927930e15a595cb0837e4d156ff81e8 {\n  box-shadow: none;\n}\n.btn-flat#default-btn-2927930e15a595cb0837e4d156ff81e8:hover {\n  box-shadow: none;\n}\n#default-btn-2927930e15a595cb0837e4d156ff81e8.ico-right-side > i {\n  margin-right: 0px;\n  margin-left: 8px;\n}\n#default-btn-2927930e15a595cb0837e4d156ff81e8 > i {\n  margin-right: 8px;\n  font-size: 14px;\n}\n#default-btn-2927930e15a595cb0837e4d156ff81e8:not(:hover) {\n  border-width: 0px;\n  color: #2198cb;\n  background: #ffffff !important;\n  padding: 12px 18px 12px 18px;\n}\n#default-btn-2927930e15a595cb0837e4d156ff81e8:not(:hover) * {\n  color: #2198cb;\n}\n#default-btn-2927930e15a595cb0837e4d156ff81e8:hover {\n  border-width: 0px;\n  background: #e2e2e2 !important;\n  padding: 12px 18px 12px 18px;\n}\n#default-btn-2927930e15a595cb0837e4d156ff81e8.ico-right-side > i {\n  margin-right: 0px;\n  margin-left: 8px;\n}\n#default-btn-2927930e15a595cb0837e4d156ff81e8 > i {\n  margin-right: 8px;\n}\n<\/style><div class=\"btn-align-center\"><a href=\"\/es\/contacte-con-nosotros\/\" class=\"default-btn-shortcode dt-btn link-hover-off anchor-link btn-flat \" id=\"default-btn-2927930e15a595cb0837e4d156ff81e8\" title=\"Contact Us\"><span>CONT\u00c1CTENOS<\/span><\/a><\/div>[\/vc_column_inner][\/vc_row_inner][\/vc_column][\/vc_row]<\/p>\n<\/div>","protected":false},"excerpt":{"rendered":"<p>[vc_row bg_type=&#8221;bg_color&#8221; bg_override=&#8221;ex-full&#8221; bg_color_value=&#8221;#1a1c20&#8243; css=&#8221;.vc_custom_1694212871399{background-color: #1a1c20 !important;}&#8221;][vc_column parallax=&#8221;content-moving&#8221; css_animation=&#8221;slideInDown&#8221;][vc_row_inner][vc_column_inner width=&#8221;1\/2&#8243;][vc_icon icon_fontawesome=&#8221;fa fa-calendar&#8221; color=&#8221;custom&#8221; background_style=&#8221;rounded&#8221; align=&#8221;center&#8221; css_animation=&#8221;slideInLeft&#8221; custom_color=&#8221;#2198cb&#8221;][\/vc_column_inner][vc_column_inner width=&#8221;1\/2&#8243;][vc_icon icon_fontawesome=&#8221;fa fa-money&#8221; color=&#8221;custom&#8221; background_style=&#8221;rounded&#8221; align=&#8221;center&#8221; css_animation=&#8221;slideInRight&#8221; custom_color=&#8221;#2198cb&#8221;][\/vc_column_inner][\/vc_row_inner][\/vc_column][\/vc_row][vc_row parallax=&#8221;content-moving&#8221; css_animation=&#8221;slideInLeft&#8221;][vc_column][vc_row_inner][vc_column_inner][vc_column_text]Los Grupos del Acuerdo de Maxell, NEC y Toshiba incluyen a personas y entidades que, desde el 1 de enero de 2000 hasta el 31 de mayo de 2011,&hellip;<\/p>\n","protected":false},"author":5,"featured_media":0,"parent":0,"menu_order":0,"comment_status":"closed","ping_status":"closed","template":"","meta":{"_acf_changed":false,"footnotes":""},"class_list":["post-2069","page","type-page","status-publish","hentry","description-off"],"acf":[],"aioseo_notices":[],"_links":{"self":[{"href":"https:\/\/macmoor.com\/es\/wp-json\/wp\/v2\/pages\/2069","targetHints":{"allow":["GET"]}}],"collection":[{"href":"https:\/\/macmoor.com\/es\/wp-json\/wp\/v2\/pages"}],"about":[{"href":"https:\/\/macmoor.com\/es\/wp-json\/wp\/v2\/types\/page"}],"author":[{"embeddable":true,"href":"https:\/\/macmoor.com\/es\/wp-json\/wp\/v2\/users\/5"}],"replies":[{"embeddable":true,"href":"https:\/\/macmoor.com\/es\/wp-json\/wp\/v2\/comments?post=2069"}],"version-history":[{"count":0,"href":"https:\/\/macmoor.com\/es\/wp-json\/wp\/v2\/pages\/2069\/revisions"}],"wp:attachment":[{"href":"https:\/\/macmoor.com\/es\/wp-json\/wp\/v2\/media?parent=2069"}],"curies":[{"name":"wp","href":"https:\/\/api.w.org\/{rel}","templated":true}]}}