{"id":2053,"date":"2019-08-11T21:26:58","date_gmt":"2019-08-11T21:26:58","guid":{"rendered":"http:\/\/68.183.159.80\/?page_id=2053"},"modified":"2023-09-14T15:25:36","modified_gmt":"2023-09-14T15:25:36","slug":"acuerdo-en-el-litigio-antimonopolio-sobre-paneles-de-yeso-comprador-directo","status":"publish","type":"page","link":"https:\/\/macmoor.com\/es\/acuerdo-en-el-litigio-antimonopolio-sobre-paneles-de-yeso-comprador-directo\/","title":{"rendered":"Acuerdo En El Litigio Antimonopolio Sobre Paneles De Yeso (Comprador Directo)"},"content":{"rendered":"<div class=\"wpb-content-wrapper\"><p>[vc_row bg_type=&#8221;bg_color&#8221; bg_override=&#8221;ex-full&#8221; bg_color_value=&#8221;#1a1c20&#8243; css=&#8221;.vc_custom_1694212379644{background-color: #1a1c20 !important;}&#8221;][vc_column parallax=&#8221;content-moving&#8221; css_animation=&#8221;slideInDown&#8221;][vc_row_inner][vc_column_inner width=&#8221;1\/2&#8243;][vc_icon icon_fontawesome=&#8221;fa fa-calendar&#8221; color=&#8221;custom&#8221; background_style=&#8221;rounded&#8221; align=&#8221;center&#8221; css_animation=&#8221;slideInLeft&#8221; custom_color=&#8221;#2198cb&#8221;]<div id=\"ultimate-heading-658969dfabd6cdf1e\" class=\"uvc-heading ult-adjust-bottom-margin ultimate-heading-658969dfabd6cdf1e uvc-5293 accent-border-color\" data-hspacer=\"line_only\"  data-halign=\"center\" style=\"text-align:center\"><div class=\"uvc-main-heading ult-responsive\"  data-ultimate-target='.uvc-heading.ultimate-heading-658969dfabd6cdf1e h2'  data-responsive-json-new='{\"font-size\":\"desktop:20px;\",\"line-height\":\"desktop:44px;\"}' ><h2 style=\"font-weight:bold;color:#ffffff;margin-bottom:15px;\">Fecha L\u00edmite De Presentaci\u00f3n<\/h2><\/div><div class=\"uvc-heading-spacer line_only\" style=\"margin-bottom:45px;height:3px;\"><span class=\"uvc-headings-line\" style=\"border-style:solid;border-bottom-width:3px;border-color:;width:150px;\"><\/span><\/div><div class=\"uvc-sub-heading ult-responsive\"  data-ultimate-target='.uvc-heading.ultimate-heading-658969dfabd6cdf1e .uvc-sub-heading '  data-responsive-json-new='{\"font-size\":\"desktop:20px;\",\"line-height\":\"desktop:34px;\"}'  style=\"font-style:italic;font-weight:normal;color:#ffffff;margin-bottom:40px;\"><span style=\"color: #ffffff;\">15 de noviembre de 2018<\/span><\/div><\/div>[\/vc_column_inner][vc_column_inner width=&#8221;1\/2&#8243;][vc_icon icon_fontawesome=&#8221;fa fa-money&#8221; color=&#8221;custom&#8221; background_style=&#8221;rounded&#8221; align=&#8221;center&#8221; css_animation=&#8221;slideInRight&#8221; custom_color=&#8221;#2198cb&#8221;]<div id=\"ultimate-heading-517169dfabd6cdf7b\" class=\"uvc-heading ult-adjust-bottom-margin ultimate-heading-517169dfabd6cdf7b uvc-7873 accent-border-color\" data-hspacer=\"line_only\"  data-halign=\"center\" style=\"text-align:center\"><div class=\"uvc-main-heading ult-responsive\"  data-ultimate-target='.uvc-heading.ultimate-heading-517169dfabd6cdf7b h2'  data-responsive-json-new='{\"font-size\":\"desktop:20px;\",\"line-height\":\"desktop:44px;\"}' ><h2 style=\"font-weight:bold;color:#ffffff;margin-bottom:15px;\">Monto Del Acuerdo<\/h2><\/div><div class=\"uvc-heading-spacer line_only\" style=\"margin-bottom:45px;height:3px;\"><span class=\"uvc-headings-line\" style=\"border-style:solid;border-bottom-width:3px;border-color:;width:150px;\"><\/span><\/div><div class=\"uvc-sub-heading ult-responsive\"  data-ultimate-target='.uvc-heading.ultimate-heading-517169dfabd6cdf7b .uvc-sub-heading '  data-responsive-json-new='{\"font-size\":\"desktop:20px;\",\"line-height\":\"desktop:34px;\"}'  style=\"font-style:italic;font-weight:normal;color:#ffffff;margin-bottom:40px;\"><span class=\"settlement-amount-callout-h5\" style=\"color: #ffffff;\">$190,000,000.00<\/span><\/div><\/div>[\/vc_column_inner][\/vc_row_inner][\/vc_column][\/vc_row][vc_row parallax=&#8221;content-moving&#8221; css_animation=&#8221;slideInLeft&#8221;][vc_column][vc_row_inner][vc_column_inner]<div id=\"ultimate-heading-987869dfabd6cdfa9\" class=\"uvc-heading ult-adjust-bottom-margin ultimate-heading-987869dfabd6cdfa9 uvc-9601 accent-border-color\" data-hspacer=\"line_only\"  data-halign=\"left\" style=\"text-align:left\"><div class=\"uvc-main-heading ult-responsive\"  data-ultimate-target='.uvc-heading.ultimate-heading-987869dfabd6cdfa9 h2'  data-responsive-json-new='{\"font-size\":\"desktop:20px;\",\"line-height\":\"desktop:44px;\"}' ><h2 style=\"font-weight:bold;color:#616162;margin-bottom:15px;\">Demandantes Elegibles<\/h2><\/div><div class=\"uvc-heading-spacer line_only\" style=\"margin-bottom:45px;height:3px;\"><span class=\"uvc-headings-line\" style=\"border-style:solid;border-bottom-width:3px;border-color:;width:150px;\"><\/span><\/div><\/div>[vc_column_text]Todas las personas o entidades que compraron Paneles de yeso con soporte de papel en los Estados Unidos desde el 1 de enero de 2012 hasta el 31 de enero de 2013 (el &#8220;Per\u00edodo de la demanda colectiva&#8221;) directamente a: (a) American Gypsum Company, LLC, Eagle Materials Inc, Lafarge North America, Inc, New NGC, Inc, PABCO Building Products, LLC, USG Corporation, United States Gypsum Company, TIN Inc., o Georgia Pacific LLC (colectivamente, los &#8220;Conspiradores fabricantes&#8221;); y\/o (b) L&amp;W Supply Corporation o cualquiera de sus subsidiarias o filiales (colectivamente, &#8220;L&amp;W&#8221;) cuando los Paneles de yeso con soporte de papel hayan sido fabricados por American Gypsum Company, LLC, Eagle Materials Inc, PABCO Building Products, LLC, USG Corporation o United States Gypsum Company. Quedan excluidos del Grupo (a) los Conspiradores fabricantes y Certainteed, junto con cada una de sus respectivas empresas matrices, subsidiarias y afiliadas (por ejemplo, Pacific Coast Supply, LLC y L&amp;W), y (b) las entidades gubernamentales federales y los organismos del gobierno federal.[\/vc_column_text][\/vc_column_inner][\/vc_row_inner][vc_row_inner][vc_column_inner][vc_empty_space]<div id=\"ultimate-heading-97969dfabd6cdfcf\" class=\"uvc-heading ult-adjust-bottom-margin ultimate-heading-97969dfabd6cdfcf uvc-3256 accent-border-color\" data-hspacer=\"line_only\"  data-halign=\"left\" style=\"text-align:left\"><div class=\"uvc-main-heading ult-responsive\"  data-ultimate-target='.uvc-heading.ultimate-heading-97969dfabd6cdfcf h2'  data-responsive-json-new='{\"font-size\":\"desktop:20px;\",\"line-height\":\"desktop:44px;\"}' ><h2 style=\"font-weight:bold;color:#616162;margin-bottom:15px;\">\u00bfQu\u00e9 Son Los Productos De Paneles De Yeso?<\/h2><\/div><div class=\"uvc-heading-spacer line_only\" style=\"margin-bottom:45px;height:3px;\"><span class=\"uvc-headings-line\" style=\"border-style:solid;border-bottom-width:3px;border-color:;width:150px;\"><\/span><\/div><\/div>[vc_column_text]<\/p>\n<p style=\"text-align: left;\">Los productos de cart\u00f3n-yeso se refieren a los paneles de yeso con soporte de papel, tambi\u00e9n conocidos como paneles de yeso o cart\u00f3n-yeso. Tambi\u00e9n se trata de paneles compuestos por un n\u00facleo de yeso y un revestimiento de papel en la cara y el dorso.<\/p>\n<p>[\/vc_column_text][\/vc_column_inner][\/vc_row_inner][\/vc_column][\/vc_row][vc_row full_width=&#8221;stretch_row&#8221; parallax=&#8221;content-moving&#8221; css_animation=&#8221;slideInLeft&#8221; bg_type=&#8221;bg_color&#8221; bg_override=&#8221;ex-full&#8221; bg_color_value=&#8221;#1a1c20&#8243; css=&#8221;.vc_custom_1694212397443{background-color: #1a1c20 !important;}&#8221;][vc_column][vc_row_inner][vc_column_inner]<div id=\"ultimate-heading-182969dfabd6ce001\" class=\"uvc-heading ult-adjust-bottom-margin ultimate-heading-182969dfabd6ce001 uvc-6739 accent-border-color\" data-hspacer=\"line_only\"  data-halign=\"left\" style=\"text-align:left\"><div class=\"uvc-main-heading ult-responsive\"  data-ultimate-target='.uvc-heading.ultimate-heading-182969dfabd6ce001 h2'  data-responsive-json-new='{\"font-size\":\"desktop:20px;\",\"line-height\":\"desktop:44px;\"}' ><h2 style=\"font-weight:bold;color:#ffffff;margin-bottom:15px;\">Historia Del Caso<\/h2><\/div><div class=\"uvc-heading-spacer line_only\" style=\"margin-bottom:45px;height:3px;\"><span class=\"uvc-headings-line\" style=\"border-style:solid;border-bottom-width:3px;border-color:;width:150px;\"><\/span><\/div><\/div>[vc_column_text]<span style=\"color: #ffffff;\">A partir de diciembre de 2012, los compradores directos de paneles de yeso presentaron demandas alegando que los Demandados conspiraron, en violaci\u00f3n de las leyes federales antimonopolio, para aumentar, fijar, mantener o estabilizar el precio de los paneles de yeso y, para ayudar a promover esta conspiraci\u00f3n de fijaci\u00f3n de precios, abolir la pr\u00e1ctica de larga data de la industria de limitar los aumentos de precios durante la duraci\u00f3n de un proyecto de construcci\u00f3n mediante el uso de <em>&#8220;cotizaciones de trabajo&#8221;<\/em>.<\/span><\/p>\n<p><span style=\"color: #ffffff;\">Los demandantes han llegado a un acuerdo tanto con TIN, Inc. como con United States Gypsum para resolver la demanda de forma colectiva. Los acuerdos propuestos son s\u00f3lo con TIN y USG, y la demanda continuar\u00e1 contra los demandados distintos de TIN y USG.<\/span><\/p>\n<p><span style=\"color: #ffffff;\">El acuerdo con TIN establece que TIN pagar\u00e1 5,25 millones de d\u00f3lares y cooperar\u00e1 con los demandantes en relaci\u00f3n con las reclamaciones contra los demandados que no han llegado a un acuerdo. El acuerdo con USG establece que USG pagar\u00e1 39,25 millones de d\u00f3lares y cooperar\u00e1 con los Demandantes en relaci\u00f3n con las reclamaciones contra los Demandados que no han llegado a un acuerdo.<\/span>[\/vc_column_text][\/vc_column_inner][\/vc_row_inner][vc_row_inner][vc_column_inner]<div id=\"ultimate-heading-11369dfabd6ce034\" class=\"uvc-heading ult-adjust-bottom-margin ultimate-heading-11369dfabd6ce034 uvc-9017 accent-border-color\" data-hspacer=\"line_only\"  data-halign=\"left\" style=\"text-align:left\"><div class=\"uvc-main-heading ult-responsive\"  data-ultimate-target='.uvc-heading.ultimate-heading-11369dfabd6ce034 h2'  data-responsive-json-new='{\"font-size\":\"desktop:20px;\",\"line-height\":\"desktop:44px;\"}' ><h2 style=\"font-weight:bold;color:#ffffff;margin-bottom:15px;\">Demandados<\/h2><\/div><div class=\"uvc-heading-spacer line_only\" style=\"margin-bottom:45px;height:3px;\"><span class=\"uvc-headings-line\" style=\"border-style:solid;border-bottom-width:3px;border-color:;width:150px;\"><\/span><\/div><\/div>[vc_column_text]<span style=\"color: #ffffff;\">Los demandados en este asunto son American Gypsum Company, LLC, Eagle Materials Inc, Lafarge North America, Inc, New NGC, Inc, PABCO Building Products, LLC, USG Corporation, United States Gypsum Company, TIN Inc, Georgia Pacific, LLC y L&amp;W Supply.<\/span>[\/vc_column_text][\/vc_column_inner][\/vc_row_inner][vc_empty_space][\/vc_column][\/vc_row][vc_row full_width=&#8221;stretch_row&#8221; content_placement=&#8221;middle&#8221; parallax=&#8221;content-moving&#8221; css_animation=&#8221;slideInUp&#8221; bg_type=&#8221;image&#8221; parallax_style=&#8221;vcpb-default&#8221; bg_image_new=&#8221;id^2305|url^https:\/\/macmoornew.wpengine.com\/es\/wp-content\/uploads\/sites\/2\/2019\/09\/call-to-action.jpg|caption^null|alt^null|title^call-to-action|description^null&#8221; css=&#8221;.vc_custom_1568222577675{padding-top: 70px !important;padding-bottom: 200px !important;}&#8221;][vc_column parallax=&#8221;content-moving&#8221; css_animation=&#8221;slideInUp&#8221;][vc_row_inner content_placement=&#8221;middle&#8221;][vc_column_inner][vc_empty_space height=&#8221;125&#8243;]<div id=\"ultimate-heading-820069dfabd6ce055\" class=\"uvc-heading ult-adjust-bottom-margin ultimate-heading-820069dfabd6ce055 uvc-4016 accent-border-color\" data-hspacer=\"no_spacer\"  data-halign=\"center\" style=\"text-align:center\"><div class=\"uvc-heading-spacer no_spacer\" style=\"top\"><\/div><div class=\"uvc-main-heading ult-responsive\"  data-ultimate-target='.uvc-heading.ultimate-heading-820069dfabd6ce055 h2'  data-responsive-json-new='{\"font-size\":\"desktop:48px;\",\"line-height\":\"desktop:50px;\"}' ><h2 style=\"font-weight:bold;color:#1a1c20;margin-bottom:15px;\">No Espere M\u00e1s, \u00a1Llame Hoy Mismo!<\/h2><\/div><\/div>[vc_empty_space]<style type=\"text\/css\" data-type=\"the7_shortcodes-inline-css\">#default-btn-ead0c744de27dd5358f2bb12a229b5b7 {\n  border-radius: 1px;\n  font-size: 14px;\n  line-height: 16px;\n}\n.btn-shadow#default-btn-ead0c744de27dd5358f2bb12a229b5b7 {\n  box-shadow: 0 1px 6px rgba(0,0,0,0.12);\n  transition: box-shadow 0.2s ease-out, opacity 0.45s;\n}\n.btn-shadow#default-btn-ead0c744de27dd5358f2bb12a229b5b7:hover {\n  box-shadow: 0 5px 11px 0 rgba(0,0,0,0.18), 0 4px 15px 0 rgba(0,0,0,0.15);\n}\n.btn-3d#default-btn-ead0c744de27dd5358f2bb12a229b5b7 {\n  box-shadow: 0px 2px 0px 0px #e0e0e0;\n}\n.btn-3d#default-btn-ead0c744de27dd5358f2bb12a229b5b7:hover {\n  box-shadow: 0px 2px 0px 0px #c3c3c3;\n}\n.btn-flat#default-btn-ead0c744de27dd5358f2bb12a229b5b7 {\n  box-shadow: none;\n}\n.btn-flat#default-btn-ead0c744de27dd5358f2bb12a229b5b7:hover {\n  box-shadow: none;\n}\n#default-btn-ead0c744de27dd5358f2bb12a229b5b7.ico-right-side > i {\n  margin-right: 0px;\n  margin-left: 8px;\n}\n#default-btn-ead0c744de27dd5358f2bb12a229b5b7 > i {\n  margin-right: 8px;\n  font-size: 14px;\n}\n#default-btn-ead0c744de27dd5358f2bb12a229b5b7:not(:hover) {\n  border-width: 0px;\n  color: #2198cb;\n  background: #ffffff !important;\n  padding: 12px 18px 12px 18px;\n}\n#default-btn-ead0c744de27dd5358f2bb12a229b5b7:not(:hover) * {\n  color: #2198cb;\n}\n#default-btn-ead0c744de27dd5358f2bb12a229b5b7:hover {\n  border-width: 0px;\n  background: #e2e2e2 !important;\n  padding: 12px 18px 12px 18px;\n}\n#default-btn-ead0c744de27dd5358f2bb12a229b5b7.ico-right-side > i {\n  margin-right: 0px;\n  margin-left: 8px;\n}\n#default-btn-ead0c744de27dd5358f2bb12a229b5b7 > i {\n  margin-right: 8px;\n}\n<\/style><div class=\"btn-align-center\"><a href=\"\/es\/contacte-con-nosotros\/\" class=\"default-btn-shortcode dt-btn link-hover-off anchor-link btn-flat \" id=\"default-btn-ead0c744de27dd5358f2bb12a229b5b7\" title=\"CONTAINERBOARD PRODUCTS ANTITRUST LITIGATION\"><span>CONT\u00c1CTENOS<\/span><\/a><\/div>[\/vc_column_inner][\/vc_row_inner][\/vc_column][\/vc_row]<\/p>\n<\/div>","protected":false},"excerpt":{"rendered":"<p>[vc_row bg_type=&#8221;bg_color&#8221; bg_override=&#8221;ex-full&#8221; bg_color_value=&#8221;#1a1c20&#8243; css=&#8221;.vc_custom_1694212379644{background-color: #1a1c20 !important;}&#8221;][vc_column parallax=&#8221;content-moving&#8221; css_animation=&#8221;slideInDown&#8221;][vc_row_inner][vc_column_inner width=&#8221;1\/2&#8243;][vc_icon icon_fontawesome=&#8221;fa fa-calendar&#8221; color=&#8221;custom&#8221; background_style=&#8221;rounded&#8221; align=&#8221;center&#8221; css_animation=&#8221;slideInLeft&#8221; custom_color=&#8221;#2198cb&#8221;][\/vc_column_inner][vc_column_inner width=&#8221;1\/2&#8243;][vc_icon icon_fontawesome=&#8221;fa fa-money&#8221; color=&#8221;custom&#8221; background_style=&#8221;rounded&#8221; align=&#8221;center&#8221; css_animation=&#8221;slideInRight&#8221; custom_color=&#8221;#2198cb&#8221;][\/vc_column_inner][\/vc_row_inner][\/vc_column][\/vc_row][vc_row parallax=&#8221;content-moving&#8221; css_animation=&#8221;slideInLeft&#8221;][vc_column][vc_row_inner][vc_column_inner][vc_column_text]Todas las personas o entidades que compraron Paneles de yeso con soporte de papel en los Estados Unidos desde el 1 de enero de 2012 hasta el 31 de&hellip;<\/p>\n","protected":false},"author":5,"featured_media":0,"parent":0,"menu_order":0,"comment_status":"closed","ping_status":"closed","template":"","meta":{"_acf_changed":false,"footnotes":""},"class_list":["post-2053","page","type-page","status-publish","hentry","description-off"],"acf":[],"aioseo_notices":[],"_links":{"self":[{"href":"https:\/\/macmoor.com\/es\/wp-json\/wp\/v2\/pages\/2053","targetHints":{"allow":["GET"]}}],"collection":[{"href":"https:\/\/macmoor.com\/es\/wp-json\/wp\/v2\/pages"}],"about":[{"href":"https:\/\/macmoor.com\/es\/wp-json\/wp\/v2\/types\/page"}],"author":[{"embeddable":true,"href":"https:\/\/macmoor.com\/es\/wp-json\/wp\/v2\/users\/5"}],"replies":[{"embeddable":true,"href":"https:\/\/macmoor.com\/es\/wp-json\/wp\/v2\/comments?post=2053"}],"version-history":[{"count":0,"href":"https:\/\/macmoor.com\/es\/wp-json\/wp\/v2\/pages\/2053\/revisions"}],"wp:attachment":[{"href":"https:\/\/macmoor.com\/es\/wp-json\/wp\/v2\/media?parent=2053"}],"curies":[{"name":"wp","href":"https:\/\/api.w.org\/{rel}","templated":true}]}}