{"id":1988,"date":"2019-07-31T18:10:39","date_gmt":"2019-07-31T18:10:39","guid":{"rendered":"http:\/\/68.183.159.80\/?page_id=1988"},"modified":"2023-09-14T22:15:12","modified_gmt":"2023-09-14T22:15:12","slug":"litigio-antimonopolio-sobre-baterias-de-iones-de-litio-comprador-indirecto","status":"publish","type":"page","link":"https:\/\/macmoor.com\/es\/litigio-antimonopolio-sobre-baterias-de-iones-de-litio-comprador-indirecto\/","title":{"rendered":"Litigio Antimonopolio Sobre Bater\u00edas De Iones De Litio (Comprador Indirecto)"},"content":{"rendered":"<div class=\"wpb-content-wrapper\"><p>[vc_row bg_type=&#8221;bg_color&#8221; bg_override=&#8221;ex-full&#8221; bg_color_value=&#8221;#1a1c20&#8243; css=&#8221;.vc_custom_1694211813119{background-color: #1a1c20 !important;}&#8221;][vc_column parallax=&#8221;content-moving&#8221; css_animation=&#8221;slideInDown&#8221;][vc_row_inner][vc_column_inner width=&#8221;1\/2&#8243;][vc_icon icon_fontawesome=&#8221;fa fa-calendar&#8221; color=&#8221;custom&#8221; background_style=&#8221;rounded&#8221; align=&#8221;center&#8221; css_animation=&#8221;slideInLeft&#8221; custom_color=&#8221;#2198cb&#8221;]<div id=\"ultimate-heading-43269f3407a4c53e\" class=\"uvc-heading ult-adjust-bottom-margin ultimate-heading-43269f3407a4c53e uvc-6696 accent-border-color\" data-hspacer=\"line_only\"  data-halign=\"center\" style=\"text-align:center\"><div class=\"uvc-main-heading ult-responsive\"  data-ultimate-target='.uvc-heading.ultimate-heading-43269f3407a4c53e h2'  data-responsive-json-new='{\"font-size\":\"desktop:20px;\",\"line-height\":\"desktop:44px;\"}' ><h2 style=\"font-weight:bold;color:#ffffff;margin-bottom:15px;\">Fecha L\u00edmite De Presentaci\u00f3n<\/h2><\/div><div class=\"uvc-heading-spacer line_only\" style=\"margin-bottom:45px;height:3px;\"><span class=\"uvc-headings-line\" style=\"border-style:solid;border-bottom-width:3px;border-color:;width:150px;\"><\/span><\/div><div class=\"uvc-sub-heading ult-responsive\"  data-ultimate-target='.uvc-heading.ultimate-heading-43269f3407a4c53e .uvc-sub-heading '  data-responsive-json-new='{\"font-size\":\"desktop:20px;\",\"line-height\":\"desktop:34px;\"}'  style=\"font-style:italic;font-weight:normal;color:#ffffff;margin-bottom:40px;\"><span style=\"color: #ffffff;\">19 de julio de 2018<\/span><\/div><\/div>[\/vc_column_inner][vc_column_inner width=&#8221;1\/2&#8243;][vc_icon icon_fontawesome=&#8221;fa fa-money&#8221; color=&#8221;custom&#8221; background_style=&#8221;rounded&#8221; align=&#8221;center&#8221; css_animation=&#8221;slideInRight&#8221; custom_color=&#8221;#2198cb&#8221;]<div id=\"ultimate-heading-857769f3407a4c5bd\" class=\"uvc-heading ult-adjust-bottom-margin ultimate-heading-857769f3407a4c5bd uvc-3866 accent-border-color\" data-hspacer=\"line_only\"  data-halign=\"center\" style=\"text-align:center\"><div class=\"uvc-main-heading ult-responsive\"  data-ultimate-target='.uvc-heading.ultimate-heading-857769f3407a4c5bd h2'  data-responsive-json-new='{\"font-size\":\"desktop:20px;\",\"line-height\":\"desktop:44px;\"}' ><h2 style=\"font-weight:bold;color:#ffffff;margin-bottom:15px;\">Importe Del Acuerdo<\/h2><\/div><div class=\"uvc-heading-spacer line_only\" style=\"margin-bottom:45px;height:3px;\"><span class=\"uvc-headings-line\" style=\"border-style:solid;border-bottom-width:3px;border-color:;width:150px;\"><\/span><\/div><div class=\"uvc-sub-heading ult-responsive\"  data-ultimate-target='.uvc-heading.ultimate-heading-857769f3407a4c5bd .uvc-sub-heading '  data-responsive-json-new='{\"font-size\":\"desktop:20px;\",\"line-height\":\"desktop:34px;\"}'  style=\"font-style:italic;font-weight:normal;color:#ffffff;margin-bottom:40px;\"><span class=\"settlement-amount-callout-h5\" style=\"color: #ffffff;\">$64,450,000.00<\/span><\/div><\/div>[\/vc_column_inner][\/vc_row_inner][\/vc_column][\/vc_row][vc_row parallax=&#8221;content-moving&#8221; css_animation=&#8221;slideInLeft&#8221;][vc_column][vc_row_inner][vc_column_inner]<div id=\"ultimate-heading-185769f3407a4c5ff\" class=\"uvc-heading ult-adjust-bottom-margin ultimate-heading-185769f3407a4c5ff uvc-7234 accent-border-color\" data-hspacer=\"line_only\"  data-halign=\"left\" style=\"text-align:left\"><div class=\"uvc-main-heading ult-responsive\"  data-ultimate-target='.uvc-heading.ultimate-heading-185769f3407a4c5ff h2'  data-responsive-json-new='{\"font-size\":\"desktop:20px;\",\"line-height\":\"desktop:44px;\"}' ><h2 style=\"font-weight:bold;color:#616162;margin-bottom:15px;\">Demandantes Elegibles<\/h2><\/div><div class=\"uvc-heading-spacer line_only\" style=\"margin-bottom:45px;height:3px;\"><span class=\"uvc-headings-line\" style=\"border-style:solid;border-bottom-width:3px;border-color:;width:150px;\"><\/span><\/div><\/div>[vc_column_text]<\/p>\n<p style=\"text-align: left;\">La Clase incluye a todas las personas y entidades que, como residentes de los Estados Unidos y durante el per\u00edodo comprendido entre el 1 de enero de 2000 y el 31 de mayo de 2011, compraron indirectamente nuevos para su propio uso y no para reventa uno de los siguientes productos que conten\u00edan una Bater\u00eda cil\u00edndrica de iones de litio fabricada por uno o m\u00e1s Demandados en esta demanda o sus conspiradores: (i) un ordenador port\u00e1til; (ii) una herramienta el\u00e9ctrica; (iii) una videoc\u00e1mara; o (iv) una bater\u00eda de repuesto para cualquiera de estos productos. &#8220;Indirectamente&#8221; significa que el producto se compr\u00f3 a alguien distinto del fabricante, como una tienda minorista.<\/p>\n<p>[\/vc_column_text][\/vc_column_inner][\/vc_row_inner][vc_row_inner][vc_column_inner][vc_empty_space]<div id=\"ultimate-heading-552969f3407a4c638\" class=\"uvc-heading ult-adjust-bottom-margin ultimate-heading-552969f3407a4c638 uvc-3742 accent-border-color\" data-hspacer=\"line_only\"  data-halign=\"left\" style=\"text-align:left\"><div class=\"uvc-main-heading ult-responsive\"  data-ultimate-target='.uvc-heading.ultimate-heading-552969f3407a4c638 h2'  data-responsive-json-new='{\"font-size\":\"desktop:20px;\",\"line-height\":\"desktop:44px;\"}' ><h2 style=\"font-weight:bold;color:#616162;margin-bottom:15px;\">Productos De Iones De Litio Elegibles<\/h2><\/div><div class=\"uvc-heading-spacer line_only\" style=\"margin-bottom:45px;height:3px;\"><span class=\"uvc-headings-line\" style=\"border-style:solid;border-bottom-width:3px;border-color:;width:150px;\"><\/span><\/div><\/div>[vc_column_text]A efectos de los Acuerdos son los siguientes:<\/p>\n<ul>\n<li>\u201cPilas de iones de litio&#8221; o &#8220;Pilas Li-ion&#8221;: pilas cil\u00edndricas, prism\u00e1ticas o polim\u00e9ricas utilizadas para el almacenamiento de energ\u00eda recargable y que utilizan tecnolog\u00eda de iones de litio.<\/li>\n<li>\u201cPaquete de Bater\u00edas de Iones de Litio&#8221; significa las Pilas de Bater\u00edas de Iones de Litio que han sido ensambladas en un paquete, independientemente del n\u00famero de Pilas de Iones de Litio que contengan dichos paquetes.<\/li>\n<li>\u201cBater\u00eda de Iones de Litio&#8221; o &#8220;Bater\u00eda Li-ion&#8221; significa una C\u00e9lula de Bater\u00eda de Iones de Litio o un Paquete de Bater\u00eda de Iones de Litio.<\/li>\n<li>\u201cBater\u00eda cil\u00edndrica de iones de litio&#8221; o &#8220;Bater\u00eda cil\u00edndrica Li-ion&#8221; significa una Bater\u00eda cil\u00edndrica de iones de litio o una Bater\u00eda cil\u00edndrica de iones de litio.<\/li>\n<li>\u201cProducto Terminado&#8221; significa cualquier producto y\/o dispositivo electr\u00f3nico que contenga una Bater\u00eda de Iones de Litio o un Pack de Bater\u00edas de Iones de Litio, incluyendo pero no limitado a ordenadores port\u00e1tiles, ordenadores notebook, ordenadores netbook, ordenadores tablet, tel\u00e9fonos m\u00f3viles, tel\u00e9fonos inteligentes, c\u00e1maras, videoc\u00e1maras, videoc\u00e1maras digitales, reproductores de audio digital y herramientas el\u00e9ctricas.<\/li>\n<\/ul>\n<p>[\/vc_column_text][\/vc_column_inner][\/vc_row_inner][\/vc_column][\/vc_row][vc_row full_width=&#8221;stretch_row&#8221; parallax=&#8221;content-moving&#8221; css_animation=&#8221;slideInLeft&#8221; bg_type=&#8221;bg_color&#8221; bg_override=&#8221;ex-full&#8221; bg_color_value=&#8221;#1a1c20&#8243; css=&#8221;.vc_custom_1694211833885{background-color: #1a1c20 !important;}&#8221;][vc_column][vc_row_inner][vc_column_inner]<div id=\"ultimate-heading-759169f3407a4c670\" class=\"uvc-heading ult-adjust-bottom-margin ultimate-heading-759169f3407a4c670 uvc-3733 accent-border-color\" data-hspacer=\"line_only\"  data-halign=\"left\" style=\"text-align:left\"><div class=\"uvc-main-heading ult-responsive\"  data-ultimate-target='.uvc-heading.ultimate-heading-759169f3407a4c670 h2'  data-responsive-json-new='{\"font-size\":\"desktop:20px;\",\"line-height\":\"desktop:44px;\"}' ><h2 style=\"font-weight:bold;color:#ffffff;margin-bottom:15px;\">Historia Del Caso<\/h2><\/div><div class=\"uvc-heading-spacer line_only\" style=\"margin-bottom:45px;height:3px;\"><span class=\"uvc-headings-line\" style=\"border-style:solid;border-bottom-width:3px;border-color:;width:150px;\"><\/span><\/div><\/div>[vc_column_text]<span style=\"color: #ffffff;\">En la demanda se alega que los demandados y sus c\u00f3mplices conspiraron para subir y fijar los precios de las pilas cil\u00edndricas de iones de litio durante m\u00e1s de diez a\u00f1os, lo que dio lugar a sobreprecios a los compradores indirectos de ordenadores port\u00e1tiles, videoc\u00e1maras y herramientas el\u00e9ctricas que conten\u00edan pilas cil\u00edndricas de iones de litio. La demanda describe c\u00f3mo los demandados y sus c\u00f3mplices supuestamente violaron las leyes antimonopolio, de competencia desleal y de protecci\u00f3n al consumidor de Estados Unidos y de los estados, al acordar fijar los precios y restringir la producci\u00f3n de estas pilas mediante, entre otras cosas, reuniones cara a cara y otras comunicaciones, asignaci\u00f3n de clientes y el uso de asociaciones comerciales. Los demandados niegan las alegaciones de los demandantes. El Tribunal no ha decidido qui\u00e9n tiene raz\u00f3n.<\/span><\/p>\n<p><span style=\"color: #ffffff;\">Tres grupos de demandados han acordado ahora llegar a un acuerdo: LG Chem, Hitachi Maxell y NEC. El caso contin\u00faa contra los restantes demandados que no han llegado a un acuerdo. Es posible que en el futuro se disponga de m\u00e1s dinero como resultado de un juicio o de futuros acuerdos, pero no hay garant\u00eda de que esto vaya a ocurrir.<\/span>[\/vc_column_text][\/vc_column_inner][\/vc_row_inner][vc_row_inner][vc_column_inner]<div id=\"ultimate-heading-550369f3407a4c6b3\" class=\"uvc-heading ult-adjust-bottom-margin ultimate-heading-550369f3407a4c6b3 uvc-4407 accent-border-color\" data-hspacer=\"line_only\"  data-halign=\"left\" style=\"text-align:left\"><div class=\"uvc-main-heading ult-responsive\"  data-ultimate-target='.uvc-heading.ultimate-heading-550369f3407a4c6b3 h2'  data-responsive-json-new='{\"font-size\":\"desktop:20px;\",\"line-height\":\"desktop:44px;\"}' ><h2 style=\"font-weight:bold;color:#ffffff;margin-bottom:15px;\">Demandados<\/h2><\/div><div class=\"uvc-heading-spacer line_only\" style=\"margin-bottom:45px;height:3px;\"><span class=\"uvc-headings-line\" style=\"border-style:solid;border-bottom-width:3px;border-color:;width:150px;\"><\/span><\/div><\/div>[vc_column_text]<span style=\"color: #ffffff;\">Se han alcanzado acuerdos con LG Chem, Ltd. y LG Chem America, Inc. (&#8220;LG Chem&#8221;), Hitachi Maxell Ltd. y Maxell Corporation of America (&#8220;Hitachi Maxell&#8221;), y NEC Corporation (&#8220;NEC&#8221;), o colectivamente &#8220;los Demandados que Acuerdan.\u201d<\/span><\/p>\n<p><span style=\"color: #ffffff;\">Las empresas demandadas que no han llegado a un acuerdo son: Samsung SDI Co. Ltd.; Samsung SDI America, Inc.; Panasonic Corporation; Panasonic Corporation of North America; Sanyo Electric Co., Ltd.; Sanyo North America Corporation; NEC Tokin Corporation; y Toshiba Corporation.<\/span>[\/vc_column_text][\/vc_column_inner][\/vc_row_inner][vc_empty_space][\/vc_column][\/vc_row][vc_row full_width=&#8221;stretch_row&#8221; content_placement=&#8221;middle&#8221; parallax=&#8221;content-moving&#8221; css_animation=&#8221;slideInUp&#8221; bg_type=&#8221;image&#8221; parallax_style=&#8221;vcpb-default&#8221; bg_image_new=&#8221;id^2305|url^https:\/\/macmoornew.wpengine.com\/es\/wp-content\/uploads\/sites\/2\/2019\/09\/call-to-action.jpg|caption^null|alt^null|title^call-to-action|description^null&#8221; css=&#8221;.vc_custom_1568221898458{padding-top: 70px !important;padding-bottom: 200px !important;}&#8221;][vc_column parallax=&#8221;content-moving&#8221; css_animation=&#8221;slideInUp&#8221;][vc_row_inner content_placement=&#8221;middle&#8221;][vc_column_inner][vc_empty_space height=&#8221;125&#8243;]<div id=\"ultimate-heading-646369f3407a4c6e2\" class=\"uvc-heading ult-adjust-bottom-margin ultimate-heading-646369f3407a4c6e2 uvc-4777 accent-border-color\" data-hspacer=\"no_spacer\"  data-halign=\"center\" style=\"text-align:center\"><div class=\"uvc-heading-spacer no_spacer\" style=\"top\"><\/div><div class=\"uvc-main-heading ult-responsive\"  data-ultimate-target='.uvc-heading.ultimate-heading-646369f3407a4c6e2 h2'  data-responsive-json-new='{\"font-size\":\"desktop:48px;\",\"line-height\":\"desktop:50px;\"}' ><h2 style=\"font-weight:bold;color:#1a1c20;margin-bottom:15px;\">No Espere M\u00e1s, \u00a1Llame Hoy Mismo!<\/h2><\/div><\/div>[vc_empty_space]<style type=\"text\/css\" data-type=\"the7_shortcodes-inline-css\">#default-btn-2927930e15a595cb0837e4d156ff81e8 {\n  border-radius: 1px;\n  font-size: 14px;\n  line-height: 16px;\n}\n.btn-shadow#default-btn-2927930e15a595cb0837e4d156ff81e8 {\n  box-shadow: 0 1px 6px rgba(0,0,0,0.12);\n  transition: box-shadow 0.2s ease-out, opacity 0.45s;\n}\n.btn-shadow#default-btn-2927930e15a595cb0837e4d156ff81e8:hover {\n  box-shadow: 0 5px 11px 0 rgba(0,0,0,0.18), 0 4px 15px 0 rgba(0,0,0,0.15);\n}\n.btn-3d#default-btn-2927930e15a595cb0837e4d156ff81e8 {\n  box-shadow: 0px 2px 0px 0px #e0e0e0;\n}\n.btn-3d#default-btn-2927930e15a595cb0837e4d156ff81e8:hover {\n  box-shadow: 0px 2px 0px 0px #c3c3c3;\n}\n.btn-flat#default-btn-2927930e15a595cb0837e4d156ff81e8 {\n  box-shadow: none;\n}\n.btn-flat#default-btn-2927930e15a595cb0837e4d156ff81e8:hover {\n  box-shadow: none;\n}\n#default-btn-2927930e15a595cb0837e4d156ff81e8.ico-right-side > i {\n  margin-right: 0px;\n  margin-left: 8px;\n}\n#default-btn-2927930e15a595cb0837e4d156ff81e8 > i {\n  margin-right: 8px;\n  font-size: 14px;\n}\n#default-btn-2927930e15a595cb0837e4d156ff81e8:not(:hover) {\n  border-width: 0px;\n  color: #2198cb;\n  background: #ffffff !important;\n  padding: 12px 18px 12px 18px;\n}\n#default-btn-2927930e15a595cb0837e4d156ff81e8:not(:hover) * {\n  color: #2198cb;\n}\n#default-btn-2927930e15a595cb0837e4d156ff81e8:hover {\n  border-width: 0px;\n  background: #e2e2e2 !important;\n  padding: 12px 18px 12px 18px;\n}\n#default-btn-2927930e15a595cb0837e4d156ff81e8.ico-right-side > i {\n  margin-right: 0px;\n  margin-left: 8px;\n}\n#default-btn-2927930e15a595cb0837e4d156ff81e8 > i {\n  margin-right: 8px;\n}\n<\/style><div class=\"btn-align-center\"><a href=\"\/es\/contacte-con-nosotros\/\" class=\"default-btn-shortcode dt-btn link-hover-off anchor-link btn-flat \" id=\"default-btn-2927930e15a595cb0837e4d156ff81e8\" title=\"Contact Us\"><span>CONT\u00c1CTENOS<\/span><\/a><\/div>[\/vc_column_inner][\/vc_row_inner][\/vc_column][\/vc_row]<\/p>\n<\/div>","protected":false},"excerpt":{"rendered":"<p>[vc_row bg_type=&#8221;bg_color&#8221; bg_override=&#8221;ex-full&#8221; bg_color_value=&#8221;#1a1c20&#8243; css=&#8221;.vc_custom_1694211813119{background-color: #1a1c20 !important;}&#8221;][vc_column parallax=&#8221;content-moving&#8221; css_animation=&#8221;slideInDown&#8221;][vc_row_inner][vc_column_inner width=&#8221;1\/2&#8243;][vc_icon icon_fontawesome=&#8221;fa fa-calendar&#8221; color=&#8221;custom&#8221; background_style=&#8221;rounded&#8221; align=&#8221;center&#8221; css_animation=&#8221;slideInLeft&#8221; custom_color=&#8221;#2198cb&#8221;][\/vc_column_inner][vc_column_inner width=&#8221;1\/2&#8243;][vc_icon icon_fontawesome=&#8221;fa fa-money&#8221; color=&#8221;custom&#8221; background_style=&#8221;rounded&#8221; align=&#8221;center&#8221; css_animation=&#8221;slideInRight&#8221; custom_color=&#8221;#2198cb&#8221;][\/vc_column_inner][\/vc_row_inner][\/vc_column][\/vc_row][vc_row parallax=&#8221;content-moving&#8221; css_animation=&#8221;slideInLeft&#8221;][vc_column][vc_row_inner][vc_column_inner][vc_column_text] La Clase incluye a todas las personas y entidades que, como residentes de los Estados Unidos y durante el per\u00edodo comprendido entre el 1 de enero de 2000&hellip;<\/p>\n","protected":false},"author":5,"featured_media":0,"parent":0,"menu_order":0,"comment_status":"closed","ping_status":"closed","template":"","meta":{"_acf_changed":false,"footnotes":""},"class_list":["post-1988","page","type-page","status-publish","hentry","description-off"],"acf":[],"aioseo_notices":[],"_links":{"self":[{"href":"https:\/\/macmoor.com\/es\/wp-json\/wp\/v2\/pages\/1988","targetHints":{"allow":["GET"]}}],"collection":[{"href":"https:\/\/macmoor.com\/es\/wp-json\/wp\/v2\/pages"}],"about":[{"href":"https:\/\/macmoor.com\/es\/wp-json\/wp\/v2\/types\/page"}],"author":[{"embeddable":true,"href":"https:\/\/macmoor.com\/es\/wp-json\/wp\/v2\/users\/5"}],"replies":[{"embeddable":true,"href":"https:\/\/macmoor.com\/es\/wp-json\/wp\/v2\/comments?post=1988"}],"version-history":[{"count":0,"href":"https:\/\/macmoor.com\/es\/wp-json\/wp\/v2\/pages\/1988\/revisions"}],"wp:attachment":[{"href":"https:\/\/macmoor.com\/es\/wp-json\/wp\/v2\/media?parent=1988"}],"curies":[{"name":"wp","href":"https:\/\/api.w.org\/{rel}","templated":true}]}}