{"id":1971,"date":"2019-07-31T17:50:25","date_gmt":"2019-07-31T17:50:25","guid":{"rendered":"http:\/\/68.183.159.80\/?page_id=1971"},"modified":"2023-09-14T15:45:56","modified_gmt":"2023-09-14T15:45:56","slug":"acuerdo-de-litigio-antimonopolio-de-suministros-dentales","status":"publish","type":"page","link":"https:\/\/macmoor.com\/es\/acuerdo-de-litigio-antimonopolio-de-suministros-dentales\/","title":{"rendered":"Acuerdo De Litigio Antimonopolio De Suministros Dentales"},"content":{"rendered":"<div class=\"wpb-content-wrapper\"><p>[vc_row bg_type=&#8221;bg_color&#8221; bg_override=&#8221;ex-full&#8221; bg_color_value=&#8221;#1a1c20&#8243; css=&#8221;.vc_custom_1694211695930{background-color: #1a1c20 !important;}&#8221;][vc_column parallax=&#8221;content-moving&#8221; css_animation=&#8221;slideInDown&#8221;][vc_column_text]<\/p>\n<h3 class=\"aio-icon-title ult-responsive\" data-ultimate-target=\"#Info-box-wrap-3104 .aio-icon-title\" data-responsive-json-new=\"{&quot;font-size&quot;:&quot;desktop:16px;&quot;,&quot;line-height&quot;:&quot;desktop:20px;&quot;}\"><span style=\"color: #ffffff;\">Si usted o su empresa compraron suministros dentales desde el 31 de agosto de 2008 hasta el 31 de marzo de 2016 inclusive, es posible que tenga derecho a participar en un acuerdo de demanda colectiva preliminarmente aprobado por $80,000,000.00.<\/span><\/h3>\n<p>[\/vc_column_text][vc_empty_space][vc_row_inner][vc_column_inner width=&#8221;1\/2&#8243;][vc_icon icon_fontawesome=&#8221;fa fa-calendar&#8221; color=&#8221;custom&#8221; background_style=&#8221;rounded&#8221; align=&#8221;center&#8221; css_animation=&#8221;slideInLeft&#8221; custom_color=&#8221;#2198cb&#8221;]<div id=\"ultimate-heading-288769f06afe9523d\" class=\"uvc-heading ult-adjust-bottom-margin ultimate-heading-288769f06afe9523d uvc-2758 accent-border-color\" data-hspacer=\"line_only\"  data-halign=\"center\" style=\"text-align:center\"><div class=\"uvc-main-heading ult-responsive\"  data-ultimate-target='.uvc-heading.ultimate-heading-288769f06afe9523d h2'  data-responsive-json-new='{\"font-size\":\"desktop:20px;\",\"line-height\":\"desktop:44px;\"}' ><h2 style=\"font-weight:bold;color:#ffffff;margin-bottom:15px;\">Fecha L\u00edmite De Presentaci\u00f3n<\/h2><\/div><div class=\"uvc-heading-spacer line_only\" style=\"margin-bottom:45px;height:3px;\"><span class=\"uvc-headings-line\" style=\"border-style:solid;border-bottom-width:3px;border-color:;width:150px;\"><\/span><\/div><div class=\"uvc-sub-heading ult-responsive\"  data-ultimate-target='.uvc-heading.ultimate-heading-288769f06afe9523d .uvc-sub-heading '  data-responsive-json-new='{\"font-size\":\"desktop:20px;\",\"line-height\":\"desktop:34px;\"}'  style=\"font-style:italic;font-weight:normal;color:#ffffff;margin-bottom:40px;\"><span style=\"color: #ffffff;\">15 de octubre de 2019<\/span><\/div><\/div>[\/vc_column_inner][vc_column_inner width=&#8221;1\/2&#8243;][vc_icon icon_fontawesome=&#8221;fa fa-money&#8221; color=&#8221;custom&#8221; background_style=&#8221;rounded&#8221; align=&#8221;center&#8221; css_animation=&#8221;slideInRight&#8221; custom_color=&#8221;#2198cb&#8221;]<div id=\"ultimate-heading-255669f06afe952c1\" class=\"uvc-heading ult-adjust-bottom-margin ultimate-heading-255669f06afe952c1 uvc-6526 accent-border-color\" data-hspacer=\"line_only\"  data-halign=\"center\" style=\"text-align:center\"><div class=\"uvc-main-heading ult-responsive\"  data-ultimate-target='.uvc-heading.ultimate-heading-255669f06afe952c1 h2'  data-responsive-json-new='{\"font-size\":\"desktop:20px;\",\"line-height\":\"desktop:44px;\"}' ><h2 style=\"font-weight:bold;color:#ffffff;margin-bottom:15px;\">Monto Del Acuerdo<\/h2><\/div><div class=\"uvc-heading-spacer line_only\" style=\"margin-bottom:45px;height:3px;\"><span class=\"uvc-headings-line\" style=\"border-style:solid;border-bottom-width:3px;border-color:;width:150px;\"><\/span><\/div><div class=\"uvc-sub-heading ult-responsive\"  data-ultimate-target='.uvc-heading.ultimate-heading-255669f06afe952c1 .uvc-sub-heading '  data-responsive-json-new='{\"font-size\":\"desktop:20px;\",\"line-height\":\"desktop:34px;\"}'  style=\"font-style:italic;font-weight:normal;color:#ffffff;margin-bottom:40px;\"><span style=\"color: #ffffff;\">$80,000,000.00<\/span><\/div><\/div>[\/vc_column_inner][\/vc_row_inner][\/vc_column][\/vc_row][vc_row parallax=&#8221;content-moving&#8221; css_animation=&#8221;slideInLeft&#8221;][vc_column][vc_row_inner][vc_column_inner]<div id=\"ultimate-heading-87869f06afe95307\" class=\"uvc-heading ult-adjust-bottom-margin ultimate-heading-87869f06afe95307 uvc-1612 accent-border-color\" data-hspacer=\"line_only\"  data-halign=\"left\" style=\"text-align:left\"><div class=\"uvc-main-heading ult-responsive\"  data-ultimate-target='.uvc-heading.ultimate-heading-87869f06afe95307 h2'  data-responsive-json-new='{\"font-size\":\"desktop:20px;\",\"line-height\":\"desktop:44px;\"}' ><h2 style=\"font-weight:bold;color:#616162;margin-bottom:15px;\">Demandantes Elegibles<\/h2><\/div><div class=\"uvc-heading-spacer line_only\" style=\"margin-bottom:45px;height:3px;\"><span class=\"uvc-headings-line\" style=\"border-style:solid;border-bottom-width:3px;border-color:;width:150px;\"><\/span><\/div><\/div>[vc_column_text]<\/p>\n<p style=\"text-align: left;\">Todas las personas o entidades que compraron suministros y equipos odontol\u00f3gicos a Henry Schein, Patterson, Benco, **Burkhart o cualquier combinaci\u00f3n de ellos, durante el per\u00edodo comprendido entre el 31 de agosto de 2008 y el 31 de marzo de 2016 inclusive (el &#8220;Per\u00edodo de la demanda colectiva&#8221;). Quedan excluidos de la Clase los Demandados, sus subsidiarias, entidades afiliadas y empleados, y todas las entidades o agencias gubernamentales federales o estatales.<\/p>\n<p>[\/vc_column_text][\/vc_column_inner][\/vc_row_inner][vc_row_inner][vc_column_inner][vc_empty_space]<div id=\"ultimate-heading-482769f06afe95341\" class=\"uvc-heading ult-adjust-bottom-margin ultimate-heading-482769f06afe95341 uvc-6861 accent-border-color\" data-hspacer=\"line_only\"  data-halign=\"left\" style=\"text-align:left\"><div class=\"uvc-main-heading ult-responsive\"  data-ultimate-target='.uvc-heading.ultimate-heading-482769f06afe95341 h2'  data-responsive-json-new='{\"font-size\":\"desktop:20px;\",\"line-height\":\"desktop:44px;\"}' ><h2 style=\"font-weight:bold;color:#616162;margin-bottom:15px;\">Definici\u00f3n De ``Suministros Dentales``<\/h2><\/div><div class=\"uvc-heading-spacer line_only\" style=\"margin-bottom:45px;height:3px;\"><span class=\"uvc-headings-line\" style=\"border-style:solid;border-bottom-width:3px;border-color:;width:150px;\"><\/span><\/div><\/div>[vc_column_text]<\/p>\n<p style=\"text-align: left;\">A los efectos de este litigio, el t\u00e9rmino &#8220;suministros dentales&#8221; incluye todos los suministros y equipos dentales, desde consumibles como gasas y cemento hasta equipos costosos como sillones y radiograf\u00edas.<\/p>\n<p>[\/vc_column_text][\/vc_column_inner][\/vc_row_inner][\/vc_column][\/vc_row][vc_row full_width=&#8221;stretch_row&#8221; parallax=&#8221;content-moving&#8221; css_animation=&#8221;slideInLeft&#8221; bg_type=&#8221;bg_color&#8221; bg_override=&#8221;ex-full&#8221; bg_color_value=&#8221;#1a1c20&#8243; css=&#8221;.vc_custom_1694211718704{background-color: #1a1c20 !important;}&#8221;][vc_column][vc_row_inner][vc_column_inner]<div id=\"ultimate-heading-312369f06afe95377\" class=\"uvc-heading ult-adjust-bottom-margin ultimate-heading-312369f06afe95377 uvc-4748 accent-border-color\" data-hspacer=\"line_only\"  data-halign=\"left\" style=\"text-align:left\"><div class=\"uvc-main-heading ult-responsive\"  data-ultimate-target='.uvc-heading.ultimate-heading-312369f06afe95377 h2'  data-responsive-json-new='{\"font-size\":\"desktop:20px;\",\"line-height\":\"desktop:44px;\"}' ><h2 style=\"font-weight:bold;color:#ffffff;margin-bottom:15px;\">Historia Del Caso<\/h2><\/div><div class=\"uvc-heading-spacer line_only\" style=\"margin-bottom:45px;height:3px;\"><span class=\"uvc-headings-line\" style=\"border-style:solid;border-bottom-width:3px;border-color:;width:150px;\"><\/span><\/div><\/div>[vc_column_text]<\/p>\n<p style=\"text-align: left;\"><span style=\"color: #ffffff;\">En la demanda se alega que estos proveedores violaron las leyes antimonopolio de Estados Unidos al participar en boicots colectivos y\/o amenazar con ellos para bloquear la capacidad de rivales de menor coste de competir en el mercado dental. Esta conducta indebida permiti\u00f3 a estas empresas mantener su poder colectivo en el mercado y cobrar en exceso a sus clientes por los suministros dentales. Como resultado, los dentistas y los consultorios dentales han pagado m\u00e1s por los suministros dentales de lo que habr\u00edan pagado de otro modo. En abril de 2015, el Fiscal General de Texas aleg\u00f3 que Benco Dental Supply Company particip\u00f3 en un boicot ilegal en respuesta a una nueva empresa de ventas dentales en l\u00ednea. Benco amenaz\u00f3 con boicotear a varios fabricantes de suministros dentales si apoyaban la nueva empresa. Como resultado de la denuncia, Benco acord\u00f3 pagar 300,000 d\u00f3lares en honorarios y costas legales y acept\u00f3 una reparaci\u00f3n sustancial. En 2012 se present\u00f3 una demanda similar contra Henry Schein, Inc. En la denuncia, se alega que Schein presion\u00f3 a la American Dental Cooperative para que revocara la afiliaci\u00f3n de un agente de ventas y presion\u00f3 a varios fabricantes para que dejaran de suministrar productos al agente de ventas a menos que este accediera a fijar sus precios. El Fiscal General de Arizona y la Comisi\u00f3n Federal de Comercio tambi\u00e9n est\u00e1n investigando activamente los boicots colectivos anticompetitivos de Patterson, Schein y Benco.<\/span><\/p>\n<p>[\/vc_column_text][\/vc_column_inner][\/vc_row_inner][vc_row_inner][vc_column_inner]<div id=\"ultimate-heading-949869f06afe953b9\" class=\"uvc-heading ult-adjust-bottom-margin ultimate-heading-949869f06afe953b9 uvc-4419 accent-border-color\" data-hspacer=\"line_only\"  data-halign=\"left\" style=\"text-align:left\"><div class=\"uvc-main-heading ult-responsive\"  data-ultimate-target='.uvc-heading.ultimate-heading-949869f06afe953b9 h2'  data-responsive-json-new='{\"font-size\":\"desktop:20px;\",\"line-height\":\"desktop:44px;\"}' ><h2 style=\"font-weight:bold;color:#ffffff;margin-bottom:15px;\">Nota<\/h2><\/div><div class=\"uvc-heading-spacer line_only\" style=\"margin-bottom:45px;height:3px;\"><span class=\"uvc-headings-line\" style=\"border-style:solid;border-bottom-width:3px;border-color:;width:150px;\"><\/span><\/div><\/div>[vc_column_text]<\/p>\n<p style=\"text-align: left;\"><span style=\"color: #ffffff;\">Burkhart Dental Supply Company (&#8220;Burkhart&#8221;) fue nombrada en un momento como demandada en este juicio, pero el caso fue posteriormente desestimado contra Burkhart por motivos de jurisdicci\u00f3n personal. Dado que Burkhart ya no es parte demandada en esta acci\u00f3n, no pagar\u00e1 ninguna parte de los fondos del Acuerdo ni participar\u00e1 de otro modo en el Acuerdo. Sin embargo, esto no afecta a la capacidad de los miembros del grupo que eran clientes de Burkhart para participar en el Acuerdo.<\/span><\/p>\n<p>[\/vc_column_text][\/vc_column_inner][\/vc_row_inner][vc_empty_space][\/vc_column][\/vc_row][vc_row full_width=&#8221;stretch_row&#8221; content_placement=&#8221;middle&#8221; parallax=&#8221;content-moving&#8221; css_animation=&#8221;slideInUp&#8221; bg_type=&#8221;image&#8221; parallax_style=&#8221;vcpb-default&#8221; bg_image_new=&#8221;id^2305|url^https:\/\/macmoornew.wpengine.com\/es\/wp-content\/uploads\/sites\/2\/2019\/09\/call-to-action.jpg|caption^null|alt^null|title^call-to-action|description^null&#8221; css=&#8221;.vc_custom_1568221253162{padding-top: 70px !important;padding-bottom: 200px !important;}&#8221;][vc_column parallax=&#8221;content-moving&#8221; css_animation=&#8221;slideInUp&#8221;][vc_row_inner content_placement=&#8221;middle&#8221;][vc_column_inner][vc_empty_space height=&#8221;125&#8243;]<div id=\"ultimate-heading-196569f06afe953df\" class=\"uvc-heading ult-adjust-bottom-margin ultimate-heading-196569f06afe953df uvc-7146 accent-border-color\" data-hspacer=\"no_spacer\"  data-halign=\"center\" style=\"text-align:center\"><div class=\"uvc-heading-spacer no_spacer\" style=\"top\"><\/div><div class=\"uvc-main-heading ult-responsive\"  data-ultimate-target='.uvc-heading.ultimate-heading-196569f06afe953df h2'  data-responsive-json-new='{\"font-size\":\"desktop:48px;\",\"line-height\":\"desktop:50px;\"}' ><h2 style=\"font-weight:bold;color:#1a1c20;margin-bottom:15px;\">No Espere M\u00e1s, \u00a1Llame Hoy Mismo!<\/h2><\/div><\/div>[vc_empty_space]<style type=\"text\/css\" data-type=\"the7_shortcodes-inline-css\">#default-btn-2927930e15a595cb0837e4d156ff81e8 {\n  border-radius: 1px;\n  font-size: 14px;\n  line-height: 16px;\n}\n.btn-shadow#default-btn-2927930e15a595cb0837e4d156ff81e8 {\n  box-shadow: 0 1px 6px rgba(0,0,0,0.12);\n  transition: box-shadow 0.2s ease-out, opacity 0.45s;\n}\n.btn-shadow#default-btn-2927930e15a595cb0837e4d156ff81e8:hover {\n  box-shadow: 0 5px 11px 0 rgba(0,0,0,0.18), 0 4px 15px 0 rgba(0,0,0,0.15);\n}\n.btn-3d#default-btn-2927930e15a595cb0837e4d156ff81e8 {\n  box-shadow: 0px 2px 0px 0px #e0e0e0;\n}\n.btn-3d#default-btn-2927930e15a595cb0837e4d156ff81e8:hover {\n  box-shadow: 0px 2px 0px 0px #c3c3c3;\n}\n.btn-flat#default-btn-2927930e15a595cb0837e4d156ff81e8 {\n  box-shadow: none;\n}\n.btn-flat#default-btn-2927930e15a595cb0837e4d156ff81e8:hover {\n  box-shadow: none;\n}\n#default-btn-2927930e15a595cb0837e4d156ff81e8.ico-right-side > i {\n  margin-right: 0px;\n  margin-left: 8px;\n}\n#default-btn-2927930e15a595cb0837e4d156ff81e8 > i {\n  margin-right: 8px;\n  font-size: 14px;\n}\n#default-btn-2927930e15a595cb0837e4d156ff81e8:not(:hover) {\n  border-width: 0px;\n  color: #2198cb;\n  background: #ffffff !important;\n  padding: 12px 18px 12px 18px;\n}\n#default-btn-2927930e15a595cb0837e4d156ff81e8:not(:hover) * {\n  color: #2198cb;\n}\n#default-btn-2927930e15a595cb0837e4d156ff81e8:hover {\n  border-width: 0px;\n  background: #e2e2e2 !important;\n  padding: 12px 18px 12px 18px;\n}\n#default-btn-2927930e15a595cb0837e4d156ff81e8.ico-right-side > i {\n  margin-right: 0px;\n  margin-left: 8px;\n}\n#default-btn-2927930e15a595cb0837e4d156ff81e8 > i {\n  margin-right: 8px;\n}\n<\/style><div class=\"btn-align-center\"><a href=\"\/es\/contacte-con-nosotros\/\" class=\"default-btn-shortcode dt-btn link-hover-off anchor-link btn-flat \" id=\"default-btn-2927930e15a595cb0837e4d156ff81e8\" title=\"Contact Us\"><span>CONT\u00c1CTENOS<\/span><\/a><\/div>[\/vc_column_inner][\/vc_row_inner][\/vc_column][\/vc_row]<\/p>\n<\/div>","protected":false},"excerpt":{"rendered":"<p>[vc_row bg_type=&#8221;bg_color&#8221; bg_override=&#8221;ex-full&#8221; bg_color_value=&#8221;#1a1c20&#8243; css=&#8221;.vc_custom_1694211695930{background-color: #1a1c20 !important;}&#8221;][vc_column parallax=&#8221;content-moving&#8221; css_animation=&#8221;slideInDown&#8221;][vc_column_text] Si usted o su empresa compraron suministros dentales desde el 31 de agosto de 2008 hasta el 31 de marzo de 2016 inclusive, es posible que tenga derecho a participar en un acuerdo de demanda colectiva preliminarmente aprobado por $80,000,000.00. [\/vc_column_text][vc_empty_space][vc_row_inner][vc_column_inner width=&#8221;1\/2&#8243;][vc_icon icon_fontawesome=&#8221;fa fa-calendar&#8221; color=&#8221;custom&#8221; background_style=&#8221;rounded&#8221;&hellip;<\/p>\n","protected":false},"author":5,"featured_media":0,"parent":0,"menu_order":0,"comment_status":"closed","ping_status":"closed","template":"","meta":{"_acf_changed":false,"footnotes":""},"class_list":["post-1971","page","type-page","status-publish","hentry","description-off"],"acf":[],"aioseo_notices":[],"_links":{"self":[{"href":"https:\/\/macmoor.com\/es\/wp-json\/wp\/v2\/pages\/1971","targetHints":{"allow":["GET"]}}],"collection":[{"href":"https:\/\/macmoor.com\/es\/wp-json\/wp\/v2\/pages"}],"about":[{"href":"https:\/\/macmoor.com\/es\/wp-json\/wp\/v2\/types\/page"}],"author":[{"embeddable":true,"href":"https:\/\/macmoor.com\/es\/wp-json\/wp\/v2\/users\/5"}],"replies":[{"embeddable":true,"href":"https:\/\/macmoor.com\/es\/wp-json\/wp\/v2\/comments?post=1971"}],"version-history":[{"count":0,"href":"https:\/\/macmoor.com\/es\/wp-json\/wp\/v2\/pages\/1971\/revisions"}],"wp:attachment":[{"href":"https:\/\/macmoor.com\/es\/wp-json\/wp\/v2\/media?parent=1971"}],"curies":[{"name":"wp","href":"https:\/\/api.w.org\/{rel}","templated":true}]}}