{"id":1946,"date":"2019-07-31T17:24:21","date_gmt":"2019-07-31T17:24:21","guid":{"rendered":"http:\/\/68.183.159.80\/?page_id=1946"},"modified":"2023-09-14T15:54:53","modified_gmt":"2023-09-14T15:54:53","slug":"demanda-colectiva-antimonopolio-de-concesionarios-de-automoviles","status":"publish","type":"page","link":"https:\/\/macmoor.com\/es\/demanda-colectiva-antimonopolio-de-concesionarios-de-automoviles\/","title":{"rendered":"Demanda Colectiva Antimonopolio De Concesionarios De Autom\u00f3viles"},"content":{"rendered":"<div class=\"wpb-content-wrapper\"><p>[vc_row bg_type=&#8221;bg_color&#8221; bg_override=&#8221;ex-full&#8221; bg_color_value=&#8221;#1a1c20&#8243; css=&#8221;.vc_custom_1694211474779{background-color: #1a1c20 !important;}&#8221;][vc_column parallax=&#8221;content-moving&#8221; css_animation=&#8221;slideInDown&#8221;][vc_column_text]<\/p>\n<h3 style=\"text-align: left;\"><span style=\"color: #ffffff;\">Si usted es un concesionario de autom\u00f3viles que adquiri\u00f3 indirectamente determinados componentes y\/o compr\u00f3 veh\u00edculos nuevos que conten\u00edan estos componentes (&#8220;Concesionario&#8221;) a partir del 1 de enero de 1995, puede tener derecho a participar en los aproximadamente 347 millones de d\u00f3lares recuperados hasta la fecha en los acuerdos de la demanda colectiva de concesionarios de autom\u00f3viles.<\/span><\/h3>\n<h3 style=\"text-align: left;\"><span style=\"color: #ffffff;\">Plazo de presentaci\u00f3n de la primera y segunda ronda: El plazo para presentar una reclamaci\u00f3n ha vencido para la Primera y Segunda Rondas de Acuerdos*. No se aceptan reclamaciones para estas rondas.<\/span><\/h3>\n<h3 style=\"text-align: left;\"><span style=\"color: #ffffff;\">Plazo de presentaci\u00f3n de la tercera ronda: El plazo para presentar una reclamaci\u00f3n ha vencido. MMC ya no acepta reclamaciones de nuevos clientes.<\/span><\/h3>\n<p>[\/vc_column_text][vc_empty_space][vc_row_inner css=&#8221;.vc_custom_1694211482576{background-color: #1a1c20 !important;}&#8221;][vc_column_inner width=&#8221;1\/2&#8243;][vc_icon icon_fontawesome=&#8221;fa fa-calendar&#8221; color=&#8221;custom&#8221; background_style=&#8221;rounded&#8221; align=&#8221;center&#8221; css_animation=&#8221;slideInLeft&#8221; custom_color=&#8221;#2198cb&#8221;]<div id=\"ultimate-heading-36316a058a2bda6f1\" class=\"uvc-heading ult-adjust-bottom-margin ultimate-heading-36316a058a2bda6f1 uvc-3733 accent-border-color\" data-hspacer=\"line_only\"  data-halign=\"center\" style=\"text-align:center\"><div class=\"uvc-main-heading ult-responsive\"  data-ultimate-target='.uvc-heading.ultimate-heading-36316a058a2bda6f1 h2'  data-responsive-json-new='{\"font-size\":\"desktop:20px;\",\"line-height\":\"desktop:44px;\"}' ><h2 style=\"font-weight:bold;color:#ffffff;margin-bottom:15px;\">Fecha L\u00edmite De Presentaci\u00f3n<\/h2><\/div><div class=\"uvc-heading-spacer line_only\" style=\"margin-bottom:45px;height:3px;\"><span class=\"uvc-headings-line\" style=\"border-style:solid;border-bottom-width:3px;border-color:;width:150px;\"><\/span><\/div><div class=\"uvc-sub-heading ult-responsive\"  data-ultimate-target='.uvc-heading.ultimate-heading-36316a058a2bda6f1 .uvc-sub-heading '  data-responsive-json-new='{\"font-size\":\"desktop:20px;\",\"line-height\":\"desktop:34px;\"}'  style=\"font-style:italic;font-weight:normal;color:#ffffff;margin-bottom:40px;\"><em>MMC est\u00e1 presentando reclamaciones oportunas para la cuarta y \u00faltima ronda de Acuerdos &#8211; La fecha l\u00edmite de presentaci\u00f3n es a definir.<\/em><\/div><\/div>[\/vc_column_inner][vc_column_inner width=&#8221;1\/2&#8243;][vc_icon icon_fontawesome=&#8221;fa fa-money&#8221; color=&#8221;custom&#8221; background_style=&#8221;rounded&#8221; align=&#8221;center&#8221; css_animation=&#8221;slideInRight&#8221; custom_color=&#8221;#2198cb&#8221;]<div id=\"ultimate-heading-80676a058a2bda77e\" class=\"uvc-heading ult-adjust-bottom-margin ultimate-heading-80676a058a2bda77e uvc-398 accent-border-color\" data-hspacer=\"line_only\"  data-halign=\"center\" style=\"text-align:center\"><div class=\"uvc-main-heading ult-responsive\"  data-ultimate-target='.uvc-heading.ultimate-heading-80676a058a2bda77e h2'  data-responsive-json-new='{\"font-size\":\"desktop:20px;\",\"line-height\":\"desktop:44px;\"}' ><h2 style=\"font-weight:bold;color:#ffffff;margin-bottom:15px;\">Monto del Acuerdo<\/h2><\/div><div class=\"uvc-heading-spacer line_only\" style=\"margin-bottom:45px;height:3px;\"><span class=\"uvc-headings-line\" style=\"border-style:solid;border-bottom-width:3px;border-color:;width:150px;\"><\/span><\/div><div class=\"uvc-sub-heading ult-responsive\"  data-ultimate-target='.uvc-heading.ultimate-heading-80676a058a2bda77e .uvc-sub-heading '  data-responsive-json-new='{\"font-size\":\"desktop:20px;\",\"line-height\":\"desktop:34px;\"}'  style=\"font-style:italic;font-weight:normal;color:#ffffff;margin-bottom:40px;\">$398,000,000<\/div><\/div>[\/vc_column_inner][\/vc_row_inner][\/vc_column][\/vc_row][vc_row parallax=&#8221;content-moving&#8221; css_animation=&#8221;slideInLeft&#8221;][vc_column][vc_row_inner][vc_column_inner]<div id=\"ultimate-heading-4836a058a2bda7ce\" class=\"uvc-heading ult-adjust-bottom-margin ultimate-heading-4836a058a2bda7ce uvc-9610 accent-border-color\" data-hspacer=\"line_only\"  data-halign=\"left\" style=\"text-align:left\"><div class=\"uvc-main-heading ult-responsive\"  data-ultimate-target='.uvc-heading.ultimate-heading-4836a058a2bda7ce h2'  data-responsive-json-new='{\"font-size\":\"desktop:20px;\",\"line-height\":\"desktop:44px;\"}' ><h2 style=\"font-weight:bold;color:#616162;margin-bottom:15px;\">Demandantes Elegibles<\/h2><\/div><div class=\"uvc-heading-spacer line_only\" style=\"margin-bottom:45px;height:3px;\"><span class=\"uvc-headings-line\" style=\"border-style:solid;border-bottom-width:3px;border-color:;width:150px;\"><\/span><\/div><\/div>[vc_column_text]<\/p>\n<p style=\"text-align: left;\">Concesionarios de autom\u00f3viles que, a partir del 1 de enero de 1995, adquirieron indirectamente determinadas &#8220;Piezas de automoci\u00f3n&#8221; o alquilaron o vendieron veh\u00edculos nuevos suministrados directamente por un OEM a su concesionario en una de las &#8220;Jurisdicciones elegibles&#8221; (detalladas a continuaci\u00f3n) que fueron fabricados por uno o m\u00e1s de los &#8220;Demandados&#8221; enumerados a continuaci\u00f3n o sus actuales o anteriores matrices, subsidiarias, filiales o co-conspiradores. Para esta acci\u00f3n, la elegibilidad de los miembros de la clase incluye las compras de veh\u00edculos nuevos para reventa que incluyeron uno o m\u00e1s de los Productos Elegibles como parte componente, o las compras indirectas de Productos Elegibles, es decir, de cualquier entidad que no sean los Demandados, sus subsidiarias o afiliadas. Hay acuerdos separados para otras entidades que, durante el mismo per\u00edodo, compraron piezas de autom\u00f3vil directa o indirectamente a un demandado, sus filiales o afiliados. Puede solicitarse informaci\u00f3n adicional sobre estos acuerdos.<\/p>\n<p>[\/vc_column_text][\/vc_column_inner][\/vc_row_inner][vc_row_inner][vc_column_inner][vc_empty_space]<div id=\"ultimate-heading-76736a058a2bda812\" class=\"uvc-heading ult-adjust-bottom-margin ultimate-heading-76736a058a2bda812 uvc-1776 accent-border-color\" data-hspacer=\"line_only\"  data-halign=\"left\" style=\"text-align:left\"><div class=\"uvc-main-heading ult-responsive\"  data-ultimate-target='.uvc-heading.ultimate-heading-76736a058a2bda812 h2'  data-responsive-json-new='{\"font-size\":\"desktop:20px;\",\"line-height\":\"desktop:44px;\"}' ><h2 style=\"font-weight:bold;color:#616162;margin-bottom:15px;\">Jurisdicciones Elegibles<\/h2><\/div><div class=\"uvc-heading-spacer line_only\" style=\"margin-bottom:45px;height:3px;\"><span class=\"uvc-headings-line\" style=\"border-style:solid;border-bottom-width:3px;border-color:;width:150px;\"><\/span><\/div><\/div>[vc_column_text]Distrito de Columbia, AZ, AK, CA, FL, HI, IL, IA, KS, ME, MA, MI, MN, MS, MO, MT, NE, NV, NH, NM, NY, NC, ND, OR, SC, SD, TN, UT, VT, WV y WI.[\/vc_column_text][\/vc_column_inner][\/vc_row_inner][\/vc_column][\/vc_row][vc_row full_width=&#8221;stretch_row&#8221; parallax=&#8221;content-moving&#8221; css_animation=&#8221;slideInLeft&#8221; bg_type=&#8221;bg_color&#8221; bg_override=&#8221;ex-full&#8221; bg_color_value=&#8221;#1a1c20&#8243; css=&#8221;.vc_custom_1694211501427{background-color: #1a1c20 !important;}&#8221;][vc_column][vc_row_inner][vc_column_inner]<div id=\"ultimate-heading-67546a058a2bda865\" class=\"uvc-heading ult-adjust-bottom-margin ultimate-heading-67546a058a2bda865 uvc-8292 accent-border-color\" data-hspacer=\"line_only\"  data-halign=\"left\" style=\"text-align:left\"><div class=\"uvc-main-heading ult-responsive\"  data-ultimate-target='.uvc-heading.ultimate-heading-67546a058a2bda865 h2'  data-responsive-json-new='{\"font-size\":\"desktop:20px;\",\"line-height\":\"desktop:44px;\"}' ><h2 style=\"font-weight:bold;color:#ffffff;margin-bottom:15px;\">Historial De Casos<\/h2><\/div><div class=\"uvc-heading-spacer line_only\" style=\"margin-bottom:45px;height:3px;\"><span class=\"uvc-headings-line\" style=\"border-style:solid;border-bottom-width:3px;border-color:;width:150px;\"><\/span><\/div><\/div>[vc_column_text]<\/p>\n<p style=\"text-align: left;\"><span style=\"color: #ffffff;\">Se han impuesto al menos 3,000 millones de d\u00f3lares en multas y sanciones penales, y algunos ejecutivos y empresas del sector del autom\u00f3vil se han declarado culpables de cargos penales, como consecuencia de la presunta manipulaci\u00f3n de licitaciones y fijaci\u00f3n de precios en relaci\u00f3n con diversas piezas de recambio para autom\u00f3viles. Posteriormente, clientes, talleres de reparaci\u00f3n de autom\u00f3viles, concesionarios y otras empresas presentaron demandas colectivas alegando la misma conducta il\u00edcita. Se han alcanzado algunos acuerdos en relaci\u00f3n con la clase de los concesionarios por un total de al menos 347 millones de d\u00f3lares. Las declaraciones de culpabilidad y la magnitud de las multas penales aumentan la probabilidad de que se alcancen acuerdos civiles adicionales en relaci\u00f3n con los concesionarios y las compras directas e indirectas.<\/span><\/p>\n<p>[\/vc_column_text][\/vc_column_inner][\/vc_row_inner][vc_row_inner][vc_column_inner]<div id=\"ultimate-heading-48266a058a2bda8a9\" class=\"uvc-heading ult-adjust-bottom-margin ultimate-heading-48266a058a2bda8a9 uvc-1870 accent-border-color\" data-hspacer=\"line_only\"  data-halign=\"left\" style=\"text-align:left\"><div class=\"uvc-main-heading ult-responsive\"  data-ultimate-target='.uvc-heading.ultimate-heading-48266a058a2bda8a9 h2'  data-responsive-json-new='{\"font-size\":\"desktop:20px;\",\"line-height\":\"desktop:44px;\"}' ><h2 style=\"font-weight:bold;color:#ffffff;margin-bottom:15px;\">Demandados<\/h2><\/div><div class=\"uvc-heading-spacer line_only\" style=\"margin-bottom:45px;height:3px;\"><span class=\"uvc-headings-line\" style=\"border-style:solid;border-bottom-width:3px;border-color:;width:150px;\"><\/span><\/div><\/div>[vc_column_text]<\/p>\n<p style=\"text-align: left;\"><span style=\"color: #ffffff;\">Aisan Industry Co. Franklin Precision Industry, Inc., Aisan Corporation of America, Hyundam Industrial Co. Ltd. (colectivamente, &#8220;Aisan&#8221;); Aisin Seiki Co., Ltd. y Aisin Automotive Casting, LLC (colectivamente, &#8220;Aisin Seiki&#8221;); Alps Electric Co., Ltd., Alps Electric (North America), Inc, y Alps Automotive Inc. (colectivamente, &#8220;Alps&#8221;); Robert Bosch GmbH, Robert Bosch LLC (colectivamente, &#8220;Bosch&#8221;); Bridgestone Corporation y Bridgestone APM Company (colectivamente, &#8220;Bridgestone&#8221;); Chiyoda Manufacturing Corporation y Chiyoda USA Corporation (colectivamente, &#8220;Chiyoda&#8221;); Diamond Electric Mfg. Co., Ltd. y Diamond Electric Mfg. Corporation (colectivamente, &#8220;Diamond Electric&#8221;); Ebersp\u00e4cher Exhaust Technology GmbH &amp; Co. KG y Ebersp\u00e4cher North America Inc. (colectivamente, &#8220;Ebersp\u00e4cher&#8221;); G.S. Electech, Inc., G.S. Wiring Systems, Inc. y G.S.W. Manufacturing, Inc. (colectivamente, &#8220;G.S. Electech&#8221;); Hitachi Metals, Ltd. e Hitachi Metals America, Ltd. (colectivamente, &#8220;Hitachi&#8221;). (colectivamente, &#8220;Hitachi&#8221;); Hitachi Automotive Systems, Ltd. (&#8220;HIAMS&#8221;); y G.S.W. Manufacturing, Inc. (&#8220;HIAMS&#8221;); INOAC Corporation, INOAC Group North America, LLC, e INOAC USA Inc. (colectivamente, &#8220;INOAC&#8221;); JTEKT Corporation, JTEKT Automotive North America, Inc. y JTEKT North America Corp. (anteriormente d\/b\/a Koyo Corporation of U.S.A.) (colectivamente, &#8220;JTEKT&#8221;); Kiekert AG y Kiekert U.S.A., Inc. (colectivamente, &#8220;Kiekert&#8221;). Koito Manufacturing Co., Ltd., North American Lighting, Inc. (colectivamente, &#8220;Koito&#8221;); MITSUBA Corporation y American Mitsuba Corporation (colectivamente, &#8220;Mitsuba&#8221;); NGK Insulators, Ltd. y NGK Automotive Ceramics USA, Inc. (colectivamente, &#8220;NGK&#8221;); NTN Corporation y NTN USA Corporation (colectivamente, &#8220;NTN&#8221;); Nishikawa Rubber Company, Ltd. (&#8220;NRC&#8221;); Tokai Rika Co. (&#8220;NRC&#8221;); Tokai Rika Co., Ltd. y TRAM, Inc. d\/b\/a Tokai Rika U.S.A. Inc. (colectivamente, &#8220;Tokai Rika&#8221;); Toyo Tire &amp; Rubber Co., Ltd., Toyo Tire North America Manufacturing Inc, Toyo Tire North America OE Sales LLC, y Toyo Automotive Parts (USA), Inc. (colectivamente, &#8220;Toyo&#8221;); Yamada Manufacturing Co., Ltd. y Yamada North America, Inc. (colectivamente, &#8220;Yamada&#8221;); y Yamashita Rubber Co., Ltd. y YUSA Corporation (colectivamente, &#8220;Yamashita&#8221;).<\/span><\/p>\n<p>[\/vc_column_text][\/vc_column_inner][\/vc_row_inner][vc_empty_space][\/vc_column][\/vc_row][vc_row full_width=&#8221;stretch_row&#8221; content_placement=&#8221;middle&#8221; parallax=&#8221;content-moving&#8221; css_animation=&#8221;slideInUp&#8221; bg_type=&#8221;image&#8221; parallax_style=&#8221;vcpb-default&#8221; bg_image_new=&#8221;id^2305|url^https:\/\/macmoornew.wpengine.com\/es\/wp-content\/uploads\/sites\/2\/2019\/09\/call-to-action.jpg|caption^null|alt^null|title^call-to-action|description^null&#8221; css=&#8221;.vc_custom_1568220892985{padding-top: 70px !important;padding-bottom: 200px !important;}&#8221;][vc_column parallax=&#8221;content-moving&#8221; css_animation=&#8221;slideInUp&#8221;][vc_row_inner content_placement=&#8221;middle&#8221;][vc_column_inner][vc_empty_space height=&#8221;125&#8243;]<div id=\"ultimate-heading-8146a058a2bda8e2\" class=\"uvc-heading ult-adjust-bottom-margin ultimate-heading-8146a058a2bda8e2 uvc-5674 accent-border-color\" data-hspacer=\"no_spacer\"  data-halign=\"center\" style=\"text-align:center\"><div class=\"uvc-heading-spacer no_spacer\" style=\"top\"><\/div><div class=\"uvc-main-heading ult-responsive\"  data-ultimate-target='.uvc-heading.ultimate-heading-8146a058a2bda8e2 h2'  data-responsive-json-new='{\"font-size\":\"desktop:48px;\",\"line-height\":\"desktop:50px;\"}' ><h2 style=\"font-weight:bold;color:#353535;margin-bottom:15px;\">No Espere M\u00e1s, \u00a1Llame Hoy Mismo!<\/h2><\/div><\/div>[vc_empty_space]<style type=\"text\/css\" data-type=\"the7_shortcodes-inline-css\">#default-btn-2927930e15a595cb0837e4d156ff81e8 {\n  border-radius: 1px;\n  font-size: 14px;\n  line-height: 16px;\n}\n.btn-shadow#default-btn-2927930e15a595cb0837e4d156ff81e8 {\n  box-shadow: 0 1px 6px rgba(0,0,0,0.12);\n  transition: box-shadow 0.2s ease-out, opacity 0.45s;\n}\n.btn-shadow#default-btn-2927930e15a595cb0837e4d156ff81e8:hover {\n  box-shadow: 0 5px 11px 0 rgba(0,0,0,0.18), 0 4px 15px 0 rgba(0,0,0,0.15);\n}\n.btn-3d#default-btn-2927930e15a595cb0837e4d156ff81e8 {\n  box-shadow: 0px 2px 0px 0px #e0e0e0;\n}\n.btn-3d#default-btn-2927930e15a595cb0837e4d156ff81e8:hover {\n  box-shadow: 0px 2px 0px 0px #c3c3c3;\n}\n.btn-flat#default-btn-2927930e15a595cb0837e4d156ff81e8 {\n  box-shadow: none;\n}\n.btn-flat#default-btn-2927930e15a595cb0837e4d156ff81e8:hover {\n  box-shadow: none;\n}\n#default-btn-2927930e15a595cb0837e4d156ff81e8.ico-right-side > i {\n  margin-right: 0px;\n  margin-left: 8px;\n}\n#default-btn-2927930e15a595cb0837e4d156ff81e8 > i {\n  margin-right: 8px;\n  font-size: 14px;\n}\n#default-btn-2927930e15a595cb0837e4d156ff81e8:not(:hover) {\n  border-width: 0px;\n  color: #2198cb;\n  background: #ffffff !important;\n  padding: 12px 18px 12px 18px;\n}\n#default-btn-2927930e15a595cb0837e4d156ff81e8:not(:hover) * {\n  color: #2198cb;\n}\n#default-btn-2927930e15a595cb0837e4d156ff81e8:hover {\n  border-width: 0px;\n  background: #e2e2e2 !important;\n  padding: 12px 18px 12px 18px;\n}\n#default-btn-2927930e15a595cb0837e4d156ff81e8.ico-right-side > i {\n  margin-right: 0px;\n  margin-left: 8px;\n}\n#default-btn-2927930e15a595cb0837e4d156ff81e8 > i {\n  margin-right: 8px;\n}\n<\/style><div class=\"btn-align-center\"><a href=\"\/es\/contacte-con-nosotros\/\" class=\"default-btn-shortcode dt-btn link-hover-off anchor-link btn-flat \" id=\"default-btn-2927930e15a595cb0837e4d156ff81e8\" title=\"Contact Us\"><span>CONT\u00c1CTENOS<\/span><\/a><\/div>[\/vc_column_inner][\/vc_row_inner][\/vc_column][\/vc_row]<\/p>\n<\/div>","protected":false},"excerpt":{"rendered":"<p>[vc_row bg_type=&#8221;bg_color&#8221; bg_override=&#8221;ex-full&#8221; bg_color_value=&#8221;#1a1c20&#8243; css=&#8221;.vc_custom_1694211474779{background-color: #1a1c20 !important;}&#8221;][vc_column parallax=&#8221;content-moving&#8221; css_animation=&#8221;slideInDown&#8221;][vc_column_text] Si usted es un concesionario de autom\u00f3viles que adquiri\u00f3 indirectamente determinados componentes y\/o compr\u00f3 veh\u00edculos nuevos que conten\u00edan estos componentes (&#8220;Concesionario&#8221;) a partir del 1 de enero de 1995, puede tener derecho a participar en los aproximadamente 347 millones de d\u00f3lares recuperados hasta la fecha en&hellip;<\/p>\n","protected":false},"author":5,"featured_media":0,"parent":0,"menu_order":0,"comment_status":"closed","ping_status":"closed","template":"","meta":{"_acf_changed":false,"footnotes":""},"class_list":["post-1946","page","type-page","status-publish","hentry","description-off"],"acf":[],"aioseo_notices":[],"_links":{"self":[{"href":"https:\/\/macmoor.com\/es\/wp-json\/wp\/v2\/pages\/1946","targetHints":{"allow":["GET"]}}],"collection":[{"href":"https:\/\/macmoor.com\/es\/wp-json\/wp\/v2\/pages"}],"about":[{"href":"https:\/\/macmoor.com\/es\/wp-json\/wp\/v2\/types\/page"}],"author":[{"embeddable":true,"href":"https:\/\/macmoor.com\/es\/wp-json\/wp\/v2\/users\/5"}],"replies":[{"embeddable":true,"href":"https:\/\/macmoor.com\/es\/wp-json\/wp\/v2\/comments?post=1946"}],"version-history":[{"count":0,"href":"https:\/\/macmoor.com\/es\/wp-json\/wp\/v2\/pages\/1946\/revisions"}],"wp:attachment":[{"href":"https:\/\/macmoor.com\/es\/wp-json\/wp\/v2\/media?parent=1946"}],"curies":[{"name":"wp","href":"https:\/\/api.w.org\/{rel}","templated":true}]}}