{"id":1937,"date":"2019-07-31T17:13:24","date_gmt":"2019-07-31T17:13:24","guid":{"rendered":"http:\/\/68.183.159.80\/?page_id=1937"},"modified":"2023-09-14T15:56:48","modified_gmt":"2023-09-14T15:56:48","slug":"acuerdo-antimonopolio-de-sistemas-de-gestion-de-concesionarios","status":"publish","type":"page","link":"https:\/\/macmoor.com\/es\/acuerdo-antimonopolio-de-sistemas-de-gestion-de-concesionarios\/","title":{"rendered":"Acuerdo Antimonopolio De Sistemas De Gesti\u00f3n De Concesionarios"},"content":{"rendered":"<div class=\"wpb-content-wrapper\"><p>[vc_row bg_type=&#8221;bg_color&#8221; bg_override=&#8221;ex-full&#8221; bg_color_value=&#8221;#1a1c20&#8243;][vc_column parallax=&#8221;content-moving&#8221; css_animation=&#8221;slideInDown&#8221;][vc_column_text]<\/p>\n<h3 style=\"text-align: center;\"><span style=\"color: #ffffff;\">Si usted es un concesionario de autom\u00f3viles minorista con sede en los Estados Unidos que compr\u00f3 un sistema de gesti\u00f3n de concesionarios (DMS) de Reynolds o CDK desde el 1 de enero de 2015 hasta el 23 de octubre de 2018, podr\u00eda beneficiarse de un acuerdo de demanda colectiva.<\/span><\/h3>\n<p>[\/vc_column_text][vc_empty_space][vc_row_inner css=&#8221;.vc_custom_1694211326215{background-color: #1a1c20 !important;}&#8221;][vc_column_inner width=&#8221;1\/2&#8243;][vc_icon icon_fontawesome=&#8221;fa fa-calendar&#8221; color=&#8221;custom&#8221; background_style=&#8221;rounded&#8221; align=&#8221;center&#8221; css_animation=&#8221;slideInLeft&#8221; custom_color=&#8221;#2198cb&#8221;]<div id=\"ultimate-heading-58956a058a8b1e4c9\" class=\"uvc-heading ult-adjust-bottom-margin ultimate-heading-58956a058a8b1e4c9 uvc-7274 accent-border-color\" data-hspacer=\"line_only\"  data-halign=\"center\" style=\"text-align:center\"><div class=\"uvc-main-heading ult-responsive\"  data-ultimate-target='.uvc-heading.ultimate-heading-58956a058a8b1e4c9 h2'  data-responsive-json-new='{\"font-size\":\"desktop:20px;\",\"line-height\":\"desktop:44px;\"}' ><h2 style=\"font-weight:bold;color:#ffffff;margin-bottom:15px;\">Plazo De Presentaci\u00f3n<\/h2><\/div><div class=\"uvc-heading-spacer line_only\" style=\"margin-bottom:45px;height:3px;\"><span class=\"uvc-headings-line\" style=\"border-style:solid;border-bottom-width:3px;border-color:;width:150px;\"><\/span><\/div><div class=\"uvc-sub-heading ult-responsive\"  data-ultimate-target='.uvc-heading.ultimate-heading-58956a058a8b1e4c9 .uvc-sub-heading '  data-responsive-json-new='{\"font-size\":\"desktop:20px;\",\"line-height\":\"desktop:34px;\"}'  style=\"font-style:italic;font-weight:normal;color:#ffffff;margin-bottom:40px;\">Los Formularios de Reclamaci\u00f3n a\u00fan no est\u00e1n disponibles; el Tribunal determinar\u00e1 la fecha l\u00edmite en una fecha posterior.<\/div><\/div>[\/vc_column_inner][vc_column_inner width=&#8221;1\/2&#8243;][vc_icon icon_fontawesome=&#8221;fa fa-money&#8221; color=&#8221;custom&#8221; background_style=&#8221;rounded&#8221; align=&#8221;center&#8221; css_animation=&#8221;slideInRight&#8221; custom_color=&#8221;#2198cb&#8221;]<div id=\"ultimate-heading-84746a058a8b1e54a\" class=\"uvc-heading ult-adjust-bottom-margin ultimate-heading-84746a058a8b1e54a uvc-7038 accent-border-color\" data-hspacer=\"line_only\"  data-halign=\"center\" style=\"text-align:center\"><div class=\"uvc-main-heading ult-responsive\"  data-ultimate-target='.uvc-heading.ultimate-heading-84746a058a8b1e54a h2'  data-responsive-json-new='{\"font-size\":\"desktop:20px;\",\"line-height\":\"desktop:44px;\"}' ><h2 style=\"font-weight:bold;color:#ffffff;margin-bottom:15px;\">Importe Del Acuerdo<\/h2><\/div><div class=\"uvc-heading-spacer line_only\" style=\"margin-bottom:45px;height:3px;\"><span class=\"uvc-headings-line\" style=\"border-style:solid;border-bottom-width:3px;border-color:;width:150px;\"><\/span><\/div><div class=\"uvc-sub-heading ult-responsive\"  data-ultimate-target='.uvc-heading.ultimate-heading-84746a058a8b1e54a .uvc-sub-heading '  data-responsive-json-new='{\"font-size\":\"desktop:20px;\",\"line-height\":\"desktop:34px;\"}'  style=\"font-style:italic;font-weight:normal;color:#ffffff;margin-bottom:40px;\">29,500,000 $ (hasta el momento)<\/div><\/div>[\/vc_column_inner][\/vc_row_inner][\/vc_column][\/vc_row][vc_row parallax=&#8221;content-moving&#8221; css_animation=&#8221;slideInLeft&#8221;][vc_column][vc_row_inner][vc_column_inner]<div id=\"ultimate-heading-97086a058a8b1e5dd\" class=\"uvc-heading ult-adjust-bottom-margin ultimate-heading-97086a058a8b1e5dd uvc-4383 accent-border-color\" data-hspacer=\"line_only\"  data-halign=\"left\" style=\"text-align:left\"><div class=\"uvc-main-heading ult-responsive\"  data-ultimate-target='.uvc-heading.ultimate-heading-97086a058a8b1e5dd h2'  data-responsive-json-new='{\"font-size\":\"desktop:20px;\",\"line-height\":\"desktop:44px;\"}' ><h2 style=\"font-weight:bold;color:#616162;margin-bottom:15px;\">Demandantes Admisibles<\/h2><\/div><div class=\"uvc-heading-spacer line_only\" style=\"margin-bottom:45px;height:3px;\"><span class=\"uvc-headings-line\" style=\"border-style:solid;border-bottom-width:3px;border-color:;width:150px;\"><\/span><\/div><\/div>[vc_column_text]<\/p>\n<p style=\"text-align: left;\">Todas las personas y entidades ubicadas en los Estados Unidos dedicadas al negocio de la venta minorista de autom\u00f3viles que compraron DMS de CDK y\/o Reynolds, o cualquier predecesor, sucesor, subsidiaria, empresa conjunta o afiliada, durante el per\u00edodo comprendido entre el 1 de enero de 2015 y el 23 de octubre de 2018.<\/p>\n<p>[\/vc_column_text][\/vc_column_inner][\/vc_row_inner][\/vc_column][\/vc_row][vc_row full_width=&#8221;stretch_row&#8221; parallax=&#8221;content-moving&#8221; css_animation=&#8221;slideInLeft&#8221; bg_type=&#8221;bg_color&#8221; bg_override=&#8221;ex-full&#8221; bg_color_value=&#8221;#1a1c20&#8243; css=&#8221;.vc_custom_1694211361400{background-color: #1a1c20 !important;}&#8221;][vc_column][vc_row_inner css=&#8221;.vc_custom_1694211341690{background-color: #1a1c20 !important;}&#8221;][vc_column_inner]<div id=\"ultimate-heading-14626a058a8b1e61b\" class=\"uvc-heading ult-adjust-bottom-margin ultimate-heading-14626a058a8b1e61b uvc-9211 accent-border-color\" data-hspacer=\"line_only\"  data-halign=\"left\" style=\"text-align:left\"><div class=\"uvc-main-heading ult-responsive\"  data-ultimate-target='.uvc-heading.ultimate-heading-14626a058a8b1e61b h2'  data-responsive-json-new='{\"font-size\":\"desktop:20px;\",\"line-height\":\"desktop:44px;\"}' ><h2 style=\"font-weight:bold;color:#ffffff;margin-bottom:15px;\">Historia Del Caso<\/h2><\/div><div class=\"uvc-heading-spacer line_only\" style=\"margin-bottom:45px;height:3px;\"><span class=\"uvc-headings-line\" style=\"border-style:solid;border-bottom-width:3px;border-color:;width:150px;\"><\/span><\/div><\/div>[vc_column_text]<\/p>\n<p style=\"text-align: left;\"><span style=\"color: #ffffff;\">El Tribunal encargado del caso es el Tribunal de Distrito de los Estados Unidos para el Distrito Norte de Illinois, y el caso se conoce como Dealership Class Action, In re Dealer Management Systems Antitrust Litigation, MDL No. 2817 (N.D. Ill.). Este caso fue asignado al Juez de Distrito de los Estados Unidos Robert M. Dow, Jr. El grupo de concesionarios de autom\u00f3viles de EE.UU. que demandaron se denominan Dealership Class Plaintiffs, y las empresas a las que demandaron, Reynolds y CDK, se denominan Defendants. Los Demandados fueron demandados por los Demandantes de la Demanda Colectiva de Concesionarios, quienes alegan que Reynolds y CDK conspiraron, violando las leyes federales antimonopolio y ciertas leyes estatales antimonopolio y de protecci\u00f3n al consumidor, para restringir y\/o eliminar la competencia, cobrando a los Demandantes de la <\/span><br \/>\n<span style=\"color: #ffffff;\">Demanda Colectiva de Concesionarios m\u00e1s de lo que deb\u00edan en los mercados de servicios de software del Sistema de Gesti\u00f3n de Concesionarios (&#8220;DMS&#8221;) y de Servicios de Integraci\u00f3n de Datos (&#8220;DIS&#8221;)<\/span><br \/>\n<span style=\"color: #ffffff;\">programas y servicios para extraer, formatear, integrar y\/u organizar datos de los DMS. Los demandados niegan las pretensiones de la demanda y han hecho valer defensas legales. Reynolds ha acordado llegar a un acuerdo en este caso para evitar el coste y la incertidumbre asociados a la continuaci\u00f3n del pleito. La demanda continuar\u00e1 contra CDK.<\/span>[\/vc_column_text][\/vc_column_inner][\/vc_row_inner][vc_empty_space][\/vc_column][\/vc_row][vc_row full_width=&#8221;stretch_row&#8221; content_placement=&#8221;middle&#8221; parallax=&#8221;content-moving&#8221; css_animation=&#8221;slideInUp&#8221; bg_type=&#8221;image&#8221; parallax_style=&#8221;vcpb-default&#8221; bg_image_new=&#8221;id^2305|url^https:\/\/macmoornew.wpengine.com\/es\/wp-content\/uploads\/sites\/2\/2019\/09\/call-to-action.jpg|caption^null|alt^null|title^call-to-action|description^null&#8221; css=&#8221;.vc_custom_1568220489939{padding-top: 70px !important;padding-bottom: 200px !important;}&#8221;][vc_column parallax=&#8221;content-moving&#8221; css_animation=&#8221;slideInUp&#8221;][vc_row_inner content_placement=&#8221;middle&#8221;][vc_column_inner][vc_empty_space height=&#8221;125&#8243;]<div id=\"ultimate-heading-33966a058a8b1e647\" class=\"uvc-heading ult-adjust-bottom-margin ultimate-heading-33966a058a8b1e647 uvc-2842 accent-border-color\" data-hspacer=\"no_spacer\"  data-halign=\"center\" style=\"text-align:center\"><div class=\"uvc-heading-spacer no_spacer\" style=\"top\"><\/div><div class=\"uvc-main-heading ult-responsive\"  data-ultimate-target='.uvc-heading.ultimate-heading-33966a058a8b1e647 h2'  data-responsive-json-new='{\"font-size\":\"desktop:48px;\",\"line-height\":\"desktop:50px;\"}' ><h2 style=\"font-weight:bold;color:#1a1c20;margin-bottom:15px;\">No Espere M\u00e1s, \u00a1Llame Hoy Mismo!<\/h2><\/div><\/div>[vc_empty_space]<style type=\"text\/css\" data-type=\"the7_shortcodes-inline-css\">#default-btn-2927930e15a595cb0837e4d156ff81e8 {\n  border-radius: 1px;\n  font-size: 14px;\n  line-height: 16px;\n}\n.btn-shadow#default-btn-2927930e15a595cb0837e4d156ff81e8 {\n  box-shadow: 0 1px 6px rgba(0,0,0,0.12);\n  transition: box-shadow 0.2s ease-out, opacity 0.45s;\n}\n.btn-shadow#default-btn-2927930e15a595cb0837e4d156ff81e8:hover {\n  box-shadow: 0 5px 11px 0 rgba(0,0,0,0.18), 0 4px 15px 0 rgba(0,0,0,0.15);\n}\n.btn-3d#default-btn-2927930e15a595cb0837e4d156ff81e8 {\n  box-shadow: 0px 2px 0px 0px #e0e0e0;\n}\n.btn-3d#default-btn-2927930e15a595cb0837e4d156ff81e8:hover {\n  box-shadow: 0px 2px 0px 0px #c3c3c3;\n}\n.btn-flat#default-btn-2927930e15a595cb0837e4d156ff81e8 {\n  box-shadow: none;\n}\n.btn-flat#default-btn-2927930e15a595cb0837e4d156ff81e8:hover {\n  box-shadow: none;\n}\n#default-btn-2927930e15a595cb0837e4d156ff81e8.ico-right-side > i {\n  margin-right: 0px;\n  margin-left: 8px;\n}\n#default-btn-2927930e15a595cb0837e4d156ff81e8 > i {\n  margin-right: 8px;\n  font-size: 14px;\n}\n#default-btn-2927930e15a595cb0837e4d156ff81e8:not(:hover) {\n  border-width: 0px;\n  color: #2198cb;\n  background: #ffffff !important;\n  padding: 12px 18px 12px 18px;\n}\n#default-btn-2927930e15a595cb0837e4d156ff81e8:not(:hover) * {\n  color: #2198cb;\n}\n#default-btn-2927930e15a595cb0837e4d156ff81e8:hover {\n  border-width: 0px;\n  background: #e2e2e2 !important;\n  padding: 12px 18px 12px 18px;\n}\n#default-btn-2927930e15a595cb0837e4d156ff81e8.ico-right-side > i {\n  margin-right: 0px;\n  margin-left: 8px;\n}\n#default-btn-2927930e15a595cb0837e4d156ff81e8 > i {\n  margin-right: 8px;\n}\n<\/style><div class=\"btn-align-center\"><a href=\"\/es\/contacte-con-nosotros\/\" class=\"default-btn-shortcode dt-btn link-hover-off anchor-link btn-flat \" id=\"default-btn-2927930e15a595cb0837e4d156ff81e8\" title=\"Contact Us\"><span>CONT\u00c1CTENOS<\/span><\/a><\/div>[\/vc_column_inner][\/vc_row_inner][\/vc_column][\/vc_row]<\/p>\n<\/div>","protected":false},"excerpt":{"rendered":"<p>[vc_row bg_type=&#8221;bg_color&#8221; bg_override=&#8221;ex-full&#8221; bg_color_value=&#8221;#1a1c20&#8243;][vc_column parallax=&#8221;content-moving&#8221; css_animation=&#8221;slideInDown&#8221;][vc_column_text] Si usted es un concesionario de autom\u00f3viles minorista con sede en los Estados Unidos que compr\u00f3 un sistema de gesti\u00f3n de concesionarios (DMS) de Reynolds o CDK desde el 1 de enero de 2015 hasta el 23 de octubre de 2018, podr\u00eda beneficiarse de un acuerdo de demanda colectiva.&hellip;<\/p>\n","protected":false},"author":5,"featured_media":0,"parent":0,"menu_order":0,"comment_status":"closed","ping_status":"closed","template":"","meta":{"_acf_changed":false,"footnotes":""},"class_list":["post-1937","page","type-page","status-publish","hentry","description-off"],"acf":[],"aioseo_notices":[],"_links":{"self":[{"href":"https:\/\/macmoor.com\/es\/wp-json\/wp\/v2\/pages\/1937","targetHints":{"allow":["GET"]}}],"collection":[{"href":"https:\/\/macmoor.com\/es\/wp-json\/wp\/v2\/pages"}],"about":[{"href":"https:\/\/macmoor.com\/es\/wp-json\/wp\/v2\/types\/page"}],"author":[{"embeddable":true,"href":"https:\/\/macmoor.com\/es\/wp-json\/wp\/v2\/users\/5"}],"replies":[{"embeddable":true,"href":"https:\/\/macmoor.com\/es\/wp-json\/wp\/v2\/comments?post=1937"}],"version-history":[{"count":0,"href":"https:\/\/macmoor.com\/es\/wp-json\/wp\/v2\/pages\/1937\/revisions"}],"wp:attachment":[{"href":"https:\/\/macmoor.com\/es\/wp-json\/wp\/v2\/media?parent=1937"}],"curies":[{"name":"wp","href":"https:\/\/api.w.org\/{rel}","templated":true}]}}